{"id":7048,"date":"2026-04-15T14:28:44","date_gmt":"2026-04-15T14:28:44","guid":{"rendered":"https:\/\/www.figurpaint.com\/?post_type=product&#038;p=7048"},"modified":"2026-04-15T14:37:34","modified_gmt":"2026-04-15T14:37:34","slug":"lecture-a-deux-figurine-cosy","status":"publish","type":"product","link":"https:\/\/www.figurpaint.com\/en\/product\/lecture-a-deux-figurine-cosy\/","title":{"rendered":"Lecture \u00e0 deux &#8211; Figurine Cosy"},"content":{"rendered":"<p data-start=\"252\" data-end=\"387\">Plongez dans un moment de calme et de complicit\u00e9 avec cette sc\u00e8ne attendrissante o\u00f9 <strong data-start=\"336\" data-end=\"384\">un chien et un chat lisent ensemble un livre<\/strong> \ud83d\udcd6<\/p>\n<p data-start=\"389\" data-end=\"507\">C\u00f4te \u00e0 c\u00f4te, ils partagent un instant paisible, entre <strong data-start=\"443\" data-end=\"476\">curiosit\u00e9, d\u00e9tente et douceur<\/strong>, comme suspendu hors du temps.<\/p>\n<p data-start=\"509\" data-end=\"636\">\u2728 Une figurine pleine de charme qui \u00e9voque le plaisir de se retrouver autour d\u2019une histoire et de savourer les moments simples.<\/p>","protected":false},"excerpt":{"rendered":"<p><em>Figurine cosy lecture \u00e0 deux \u00e0 colorier<\/em><\/p>\n<p>Recevez votre figurine en version <strong data-start=\"723\" data-end=\"750\">blanche pr\u00eate \u00e0 peindre<\/strong>, et personnalisez chaque d\u00e9tail pour cr\u00e9er votre propre moment cosy.<\/p>","protected":false},"featured_media":7052,"comment_status":"open","ping_status":"closed","template":"","meta":{"_acf_changed":false,"_gspb_post_css":""},"product_brand":[],"product_cat":[215,183,225,237,216,185],"product_tag":[],"class_list":{"0":"post-7048","1":"product","2":"type-product","3":"status-publish","4":"has-post-thumbnail","6":"product_cat-figurine-cosy","7":"product_cat-animaux","8":"product_cat-chat","9":"product_cat-chien","10":"product_cat-cocooning-detente","11":"product_cat-nature-creatures","13":"first","14":"instock","15":"shipping-taxable","16":"purchasable","17":"product-type-variable","18":"has-default-attributes"},"acf":[],"ct_brands":[],"jetpack_sharing_enabled":true,"_links":{"self":[{"href":"https:\/\/www.figurpaint.com\/en\/wp-json\/wp\/v2\/product\/7048","targetHints":{"allow":["GET"]}}],"collection":[{"href":"https:\/\/www.figurpaint.com\/en\/wp-json\/wp\/v2\/product"}],"about":[{"href":"https:\/\/www.figurpaint.com\/en\/wp-json\/wp\/v2\/types\/product"}],"replies":[{"embeddable":true,"href":"https:\/\/www.figurpaint.com\/en\/wp-json\/wp\/v2\/comments?post=7048"}],"wp:featuredmedia":[{"embeddable":true,"href":"https:\/\/www.figurpaint.com\/en\/wp-json\/wp\/v2\/media\/7052"}],"wp:attachment":[{"href":"https:\/\/www.figurpaint.com\/en\/wp-json\/wp\/v2\/media?parent=7048"}],"wp:term":[{"taxonomy":"product_brand","embeddable":true,"href":"https:\/\/www.figurpaint.com\/en\/wp-json\/wp\/v2\/product_brand?post=7048"},{"taxonomy":"product_cat","embeddable":true,"href":"https:\/\/www.figurpaint.com\/en\/wp-json\/wp\/v2\/product_cat?post=7048"},{"taxonomy":"product_tag","embeddable":true,"href":"https:\/\/www.figurpaint.com\/en\/wp-json\/wp\/v2\/product_tag?post=7048"}],"curies":[{"name":"wp","href":"https:\/\/api.w.org\/{rel}","templated":true}]}}