{"id":7038,"date":"2026-04-15T14:22:01","date_gmt":"2026-04-15T14:22:01","guid":{"rendered":"https:\/\/www.figurpaint.com\/?post_type=product&#038;p=7038"},"modified":"2026-04-15T14:27:43","modified_gmt":"2026-04-15T14:27:43","slug":"douce-nuit-figurine-cosy","status":"publish","type":"product","link":"https:\/\/www.figurpaint.com\/en\/product\/douce-nuit-figurine-cosy\/","title":{"rendered":"Douce nuit &#8211; Figurine Cosy"},"content":{"rendered":"<p data-start=\"236\" data-end=\"354\">Laissez-vous attendrir par cette sc\u00e8ne pleine de douceur o\u00f9 <strong data-start=\"296\" data-end=\"351\">une souris et un chat dorment paisiblement ensemble<\/strong> \ud83d\ude34<\/p>\n<p data-start=\"356\" data-end=\"481\">Blottis l\u2019un contre l\u2019autre, ils partagent un moment de calme absolu, symbole de <strong data-start=\"437\" data-end=\"480\">confiance, de complicit\u00e9 et de s\u00e9r\u00e9nit\u00e9<\/strong>.<\/p>\n<p data-start=\"483\" data-end=\"586\">\u2728 Une figurine touchante qui \u00e9voque les instants o\u00f9 l\u2019on se sent bien, en s\u00e9curit\u00e9, entour\u00e9 de douceur.<\/p>","protected":false},"excerpt":{"rendered":"<p><em>Figurine cosy douce nuit \u00e0 colorier<\/em><\/p>\n<p>Recevez votre figurine en version <strong data-start=\"723\" data-end=\"750\">blanche pr\u00eate \u00e0 peindre<\/strong>, et personnalisez chaque d\u00e9tail pour cr\u00e9er votre propre moment cosy.<\/p>","protected":false},"featured_media":7042,"comment_status":"open","ping_status":"closed","template":"","meta":{"_acf_changed":false,"_gspb_post_css":""},"product_brand":[],"product_cat":[215,183,225,216,185,243],"product_tag":[],"class_list":{"0":"post-7038","1":"product","2":"type-product","3":"status-publish","4":"has-post-thumbnail","6":"product_cat-figurine-cosy","7":"product_cat-animaux","8":"product_cat-chat","9":"product_cat-cocooning-detente","10":"product_cat-nature-creatures","11":"product_cat-souris","13":"first","14":"instock","15":"shipping-taxable","16":"purchasable","17":"product-type-variable","18":"has-default-attributes"},"acf":[],"ct_brands":[],"jetpack_sharing_enabled":true,"_links":{"self":[{"href":"https:\/\/www.figurpaint.com\/en\/wp-json\/wp\/v2\/product\/7038","targetHints":{"allow":["GET"]}}],"collection":[{"href":"https:\/\/www.figurpaint.com\/en\/wp-json\/wp\/v2\/product"}],"about":[{"href":"https:\/\/www.figurpaint.com\/en\/wp-json\/wp\/v2\/types\/product"}],"replies":[{"embeddable":true,"href":"https:\/\/www.figurpaint.com\/en\/wp-json\/wp\/v2\/comments?post=7038"}],"wp:featuredmedia":[{"embeddable":true,"href":"https:\/\/www.figurpaint.com\/en\/wp-json\/wp\/v2\/media\/7042"}],"wp:attachment":[{"href":"https:\/\/www.figurpaint.com\/en\/wp-json\/wp\/v2\/media?parent=7038"}],"wp:term":[{"taxonomy":"product_brand","embeddable":true,"href":"https:\/\/www.figurpaint.com\/en\/wp-json\/wp\/v2\/product_brand?post=7038"},{"taxonomy":"product_cat","embeddable":true,"href":"https:\/\/www.figurpaint.com\/en\/wp-json\/wp\/v2\/product_cat?post=7038"},{"taxonomy":"product_tag","embeddable":true,"href":"https:\/\/www.figurpaint.com\/en\/wp-json\/wp\/v2\/product_tag?post=7038"}],"curies":[{"name":"wp","href":"https:\/\/api.w.org\/{rel}","templated":true}]}}