{"id":7028,"date":"2026-04-15T14:05:28","date_gmt":"2026-04-15T14:05:28","guid":{"rendered":"https:\/\/www.figurpaint.com\/?post_type=product&#038;p=7028"},"modified":"2026-04-15T14:19:50","modified_gmt":"2026-04-15T14:19:50","slug":"brunch-entre-amis-figurine-cosy","status":"publish","type":"product","link":"https:\/\/www.figurpaint.com\/en\/product\/brunch-entre-amis-figurine-cosy\/","title":{"rendered":"Brunch Entre Amis &#8211; Figurine Cosy"},"content":{"rendered":"<p data-start=\"223\" data-end=\"338\">Craquez pour cette sc\u00e8ne pleine de convivialit\u00e9 o\u00f9 <strong data-start=\"274\" data-end=\"334\">un h\u00e9risson et un \u00e9cureuil partagent un d\u00e9licieux brunch<\/strong> \ud83e\udd50\u2615<\/p>\n<p data-start=\"340\" data-end=\"498\">Entre gourmandises, boissons chaudes et bonne humeur, ils profitent d\u2019un moment simple et chaleureux, parfait pour se retrouver et savourer l\u2019instant pr\u00e9sent.<\/p>\n<p data-start=\"500\" data-end=\"595\">\u2728 Une figurine moderne et attendrissante qui capture l\u2019esprit des petits plaisirs du quotidien.<\/p>","protected":false},"excerpt":{"rendered":"<p><em>Figurine brunch entre amis \u00e0 colorier<\/em><\/p>\n<p>Recevez votre figurine en version <strong data-start=\"723\" data-end=\"750\">blanche pr\u00eate \u00e0 peindre<\/strong>, et personnalisez chaque d\u00e9tail pour cr\u00e9er votre propre moment cosy.<\/p>","protected":false},"featured_media":7032,"comment_status":"open","ping_status":"closed","template":"","meta":{"_acf_changed":false,"_gspb_post_css":""},"product_brand":[],"product_cat":[215,183,216,242,241,185],"product_tag":[],"class_list":{"0":"post-7028","1":"product","2":"type-product","3":"status-publish","4":"has-post-thumbnail","6":"product_cat-figurine-cosy","7":"product_cat-animaux","8":"product_cat-cocooning-detente","9":"product_cat-ecureil","10":"product_cat-herisson","11":"product_cat-nature-creatures","13":"first","14":"instock","15":"shipping-taxable","16":"purchasable","17":"product-type-variable","18":"has-default-attributes"},"acf":[],"ct_brands":[],"jetpack_sharing_enabled":true,"_links":{"self":[{"href":"https:\/\/www.figurpaint.com\/en\/wp-json\/wp\/v2\/product\/7028","targetHints":{"allow":["GET"]}}],"collection":[{"href":"https:\/\/www.figurpaint.com\/en\/wp-json\/wp\/v2\/product"}],"about":[{"href":"https:\/\/www.figurpaint.com\/en\/wp-json\/wp\/v2\/types\/product"}],"replies":[{"embeddable":true,"href":"https:\/\/www.figurpaint.com\/en\/wp-json\/wp\/v2\/comments?post=7028"}],"wp:featuredmedia":[{"embeddable":true,"href":"https:\/\/www.figurpaint.com\/en\/wp-json\/wp\/v2\/media\/7032"}],"wp:attachment":[{"href":"https:\/\/www.figurpaint.com\/en\/wp-json\/wp\/v2\/media?parent=7028"}],"wp:term":[{"taxonomy":"product_brand","embeddable":true,"href":"https:\/\/www.figurpaint.com\/en\/wp-json\/wp\/v2\/product_brand?post=7028"},{"taxonomy":"product_cat","embeddable":true,"href":"https:\/\/www.figurpaint.com\/en\/wp-json\/wp\/v2\/product_cat?post=7028"},{"taxonomy":"product_tag","embeddable":true,"href":"https:\/\/www.figurpaint.com\/en\/wp-json\/wp\/v2\/product_tag?post=7028"}],"curies":[{"name":"wp","href":"https:\/\/api.w.org\/{rel}","templated":true}]}}