{"id":7019,"date":"2026-04-15T13:45:26","date_gmt":"2026-04-15T13:45:26","guid":{"rendered":"https:\/\/www.figurpaint.com\/?post_type=product&#038;p=7019"},"modified":"2026-04-15T14:04:23","modified_gmt":"2026-04-15T14:04:23","slug":"couronne-fleurie-en-foret-figurine-cosy","status":"publish","type":"product","link":"https:\/\/www.figurpaint.com\/en\/product\/couronne-fleurie-en-foret-figurine-cosy\/","title":{"rendered":"Couronne Fleurie en For\u00eat &#8211; Figurine Cosy"},"content":{"rendered":"<p data-start=\"250\" data-end=\"414\">Laissez-vous emporter par cette sc\u00e8ne pleine de douceur o\u00f9 <strong data-start=\"309\" data-end=\"390\">une grenouille, un chat et un cerf fabriquent ensemble une couronne de fleurs<\/strong> au c\u0153ur de la nature \ud83c\udf3f<\/p>\n<p data-start=\"416\" data-end=\"559\">Entour\u00e9s de v\u00e9g\u00e9tation et de d\u00e9licates fleurs, ils partagent un moment paisible et cr\u00e9atif, entre <strong data-start=\"514\" data-end=\"558\">harmonie, complicit\u00e9 et beaut\u00e9 naturelle<\/strong>.<\/p>\n<p data-start=\"561\" data-end=\"677\">\u2728 Une figurine po\u00e9tique qui \u00e9voque les balades en for\u00eat, les instants simples et le plaisir de cr\u00e9er avec ses mains.<\/p>","protected":false},"excerpt":{"rendered":"<p><em>Figurine couronne fleurie en for\u00eat \u00e0 colorier<\/em><\/p>\n<p>Recevez votre figurine en version <strong data-start=\"723\" data-end=\"750\">blanche pr\u00eate \u00e0 peindre<\/strong>, et personnalisez chaque d\u00e9tail pour cr\u00e9er votre propre moment cosy.<\/p>","protected":false},"featured_media":7023,"comment_status":"open","ping_status":"closed","template":"","meta":{"_acf_changed":false,"_gspb_post_css":""},"product_brand":[],"product_cat":[215,183,240,225,239,185,229],"product_tag":[],"class_list":{"0":"post-7019","1":"product","2":"type-product","3":"status-publish","4":"has-post-thumbnail","6":"product_cat-figurine-cosy","7":"product_cat-animaux","8":"product_cat-cerf","9":"product_cat-chat","10":"product_cat-grenouille","11":"product_cat-nature-creatures","12":"product_cat-univers-zen-nature","14":"first","15":"instock","16":"shipping-taxable","17":"purchasable","18":"product-type-variable","19":"has-default-attributes"},"acf":[],"ct_brands":[],"jetpack_sharing_enabled":true,"_links":{"self":[{"href":"https:\/\/www.figurpaint.com\/en\/wp-json\/wp\/v2\/product\/7019","targetHints":{"allow":["GET"]}}],"collection":[{"href":"https:\/\/www.figurpaint.com\/en\/wp-json\/wp\/v2\/product"}],"about":[{"href":"https:\/\/www.figurpaint.com\/en\/wp-json\/wp\/v2\/types\/product"}],"replies":[{"embeddable":true,"href":"https:\/\/www.figurpaint.com\/en\/wp-json\/wp\/v2\/comments?post=7019"}],"wp:featuredmedia":[{"embeddable":true,"href":"https:\/\/www.figurpaint.com\/en\/wp-json\/wp\/v2\/media\/7023"}],"wp:attachment":[{"href":"https:\/\/www.figurpaint.com\/en\/wp-json\/wp\/v2\/media?parent=7019"}],"wp:term":[{"taxonomy":"product_brand","embeddable":true,"href":"https:\/\/www.figurpaint.com\/en\/wp-json\/wp\/v2\/product_brand?post=7019"},{"taxonomy":"product_cat","embeddable":true,"href":"https:\/\/www.figurpaint.com\/en\/wp-json\/wp\/v2\/product_cat?post=7019"},{"taxonomy":"product_tag","embeddable":true,"href":"https:\/\/www.figurpaint.com\/en\/wp-json\/wp\/v2\/product_tag?post=7019"}],"curies":[{"name":"wp","href":"https:\/\/api.w.org\/{rel}","templated":true}]}}