{"id":6999,"date":"2026-04-15T13:06:54","date_gmt":"2026-04-15T13:06:54","guid":{"rendered":"https:\/\/www.figurpaint.com\/?post_type=product&#038;p=6999"},"modified":"2026-04-15T13:25:42","modified_gmt":"2026-04-15T13:25:42","slug":"gouter-champetre-figurine-cosy","status":"publish","type":"product","link":"https:\/\/www.figurpaint.com\/en\/product\/gouter-champetre-figurine-cosy\/","title":{"rendered":"Go\u00fbter Champ\u00eatre &#8211; Figurine Cosy"},"content":{"rendered":"<p data-start=\"218\" data-end=\"366\">Partagez un instant plein de douceur avec cette sc\u00e8ne attendrissante o\u00f9 <strong data-start=\"290\" data-end=\"363\">un chat et deux chevaux se retrouvent pour un go\u00fbter en pleine nature<\/strong> \ud83c\udf43<\/p>\n<p data-start=\"368\" data-end=\"504\">Autour de quelques douceurs, ils profitent d\u2019un moment simple et chaleureux, entre <strong data-start=\"451\" data-end=\"503\">complicit\u00e9, calme et plaisir des petits instants<\/strong>.<\/p>\n<p data-start=\"506\" data-end=\"633\">\u2728 Une figurine qui capture parfaitement ces moments o\u00f9 le temps s\u2019arr\u00eate, pour laisser place \u00e0 la d\u00e9tente et \u00e0 la convivialit\u00e9.<\/p>","protected":false},"excerpt":{"rendered":"<p><em>Figurine cosy go\u00fbter champ\u00eatre \u00e0 colorier<\/em><\/p>\n<p>Recevez votre figurine en version <strong data-start=\"723\" data-end=\"750\">blanche pr\u00eate \u00e0 peindre<\/strong>, et personnalisez chaque d\u00e9tail pour cr\u00e9er votre propre moment cosy.<\/p>","protected":false},"featured_media":7003,"comment_status":"open","ping_status":"closed","template":"","meta":{"_acf_changed":false,"_gspb_post_css":""},"product_brand":[],"product_cat":[215,183,225,236,216,185],"product_tag":[],"class_list":{"0":"post-6999","1":"product","2":"type-product","3":"status-publish","4":"has-post-thumbnail","6":"product_cat-figurine-cosy","7":"product_cat-animaux","8":"product_cat-chat","9":"product_cat-cheval","10":"product_cat-cocooning-detente","11":"product_cat-nature-creatures","13":"first","14":"instock","15":"shipping-taxable","16":"purchasable","17":"product-type-variable","18":"has-default-attributes"},"acf":[],"ct_brands":[],"jetpack_sharing_enabled":true,"_links":{"self":[{"href":"https:\/\/www.figurpaint.com\/en\/wp-json\/wp\/v2\/product\/6999","targetHints":{"allow":["GET"]}}],"collection":[{"href":"https:\/\/www.figurpaint.com\/en\/wp-json\/wp\/v2\/product"}],"about":[{"href":"https:\/\/www.figurpaint.com\/en\/wp-json\/wp\/v2\/types\/product"}],"replies":[{"embeddable":true,"href":"https:\/\/www.figurpaint.com\/en\/wp-json\/wp\/v2\/comments?post=6999"}],"wp:featuredmedia":[{"embeddable":true,"href":"https:\/\/www.figurpaint.com\/en\/wp-json\/wp\/v2\/media\/7003"}],"wp:attachment":[{"href":"https:\/\/www.figurpaint.com\/en\/wp-json\/wp\/v2\/media?parent=6999"}],"wp:term":[{"taxonomy":"product_brand","embeddable":true,"href":"https:\/\/www.figurpaint.com\/en\/wp-json\/wp\/v2\/product_brand?post=6999"},{"taxonomy":"product_cat","embeddable":true,"href":"https:\/\/www.figurpaint.com\/en\/wp-json\/wp\/v2\/product_cat?post=6999"},{"taxonomy":"product_tag","embeddable":true,"href":"https:\/\/www.figurpaint.com\/en\/wp-json\/wp\/v2\/product_tag?post=6999"}],"curies":[{"name":"wp","href":"https:\/\/api.w.org\/{rel}","templated":true}]}}