{"id":6989,"date":"2026-04-15T12:54:19","date_gmt":"2026-04-15T12:54:19","guid":{"rendered":"https:\/\/www.figurpaint.com\/?post_type=product&#038;p=6989"},"modified":"2026-04-15T13:06:34","modified_gmt":"2026-04-15T13:06:34","slug":"quatuor-sous-les-etoiles-figurine-cosy","status":"publish","type":"product","link":"https:\/\/www.figurpaint.com\/en\/product\/quatuor-sous-les-etoiles-figurine-cosy\/","title":{"rendered":"Quatuor Sous les \u00c9toiles &#8211; Figurine Cosy"},"content":{"rendered":"<p data-start=\"249\" data-end=\"402\">Plongez dans un moment suspendu avec ce <strong data-start=\"289\" data-end=\"315\">quatuor d\u2019amis animaux<\/strong> \u2014 singe, lama, renard et raton laveur \u2014 r\u00e9unis pour admirer la beaut\u00e9 du ciel \u00e9toil\u00e9 \u2728<\/p>\n<p data-start=\"404\" data-end=\"542\">Install\u00e9s c\u00f4te \u00e0 c\u00f4te dans une ambiance douce et nocturne, ils partagent un instant rare, entre <strong data-start=\"500\" data-end=\"541\">silence, complicit\u00e9 et \u00e9merveillement<\/strong>.<\/p>\n<p data-start=\"544\" data-end=\"655\">\ud83d\udcab Une sc\u00e8ne pleine de po\u00e9sie qui \u00e9voque les souvenirs pr\u00e9cieux, les moments simples et les liens qui comptent.<\/p>","protected":false},"excerpt":{"rendered":"<p><em>Figurine cosy 4 amis sous les \u00e9toiles \u00e0 colorier<\/em><\/p>\n<p>Recevez votre figurine en version <strong data-start=\"723\" data-end=\"750\">blanche pr\u00eate \u00e0 peindre<\/strong>, et personnalisez chaque d\u00e9tail pour cr\u00e9er votre propre moment cosy.<\/p>","protected":false},"featured_media":6993,"comment_status":"open","ping_status":"closed","template":"","meta":{"_acf_changed":false,"_gspb_post_css":""},"product_brand":[],"product_cat":[215,183,216,218,185,235,232,234],"product_tag":[],"class_list":{"0":"post-6989","1":"product","2":"type-product","3":"status-publish","4":"has-post-thumbnail","6":"product_cat-figurine-cosy","7":"product_cat-animaux","8":"product_cat-cocooning-detente","9":"product_cat-lama","10":"product_cat-nature-creatures","11":"product_cat-raton-laveur","12":"product_cat-renard","13":"product_cat-singe-animaux","15":"first","16":"instock","17":"shipping-taxable","18":"purchasable","19":"product-type-variable","20":"has-default-attributes"},"acf":[],"ct_brands":[],"jetpack_sharing_enabled":true,"_links":{"self":[{"href":"https:\/\/www.figurpaint.com\/en\/wp-json\/wp\/v2\/product\/6989","targetHints":{"allow":["GET"]}}],"collection":[{"href":"https:\/\/www.figurpaint.com\/en\/wp-json\/wp\/v2\/product"}],"about":[{"href":"https:\/\/www.figurpaint.com\/en\/wp-json\/wp\/v2\/types\/product"}],"replies":[{"embeddable":true,"href":"https:\/\/www.figurpaint.com\/en\/wp-json\/wp\/v2\/comments?post=6989"}],"wp:featuredmedia":[{"embeddable":true,"href":"https:\/\/www.figurpaint.com\/en\/wp-json\/wp\/v2\/media\/6993"}],"wp:attachment":[{"href":"https:\/\/www.figurpaint.com\/en\/wp-json\/wp\/v2\/media?parent=6989"}],"wp:term":[{"taxonomy":"product_brand","embeddable":true,"href":"https:\/\/www.figurpaint.com\/en\/wp-json\/wp\/v2\/product_brand?post=6989"},{"taxonomy":"product_cat","embeddable":true,"href":"https:\/\/www.figurpaint.com\/en\/wp-json\/wp\/v2\/product_cat?post=6989"},{"taxonomy":"product_tag","embeddable":true,"href":"https:\/\/www.figurpaint.com\/en\/wp-json\/wp\/v2\/product_tag?post=6989"}],"curies":[{"name":"wp","href":"https:\/\/api.w.org\/{rel}","templated":true}]}}