{"id":6959,"date":"2026-04-15T07:39:15","date_gmt":"2026-04-15T07:39:15","guid":{"rendered":"https:\/\/www.figurpaint.com\/?post_type=product&#038;p=6959"},"modified":"2026-04-15T12:48:46","modified_gmt":"2026-04-15T12:48:46","slug":"chat-sous-la-couette-figurine-cosy","status":"publish","type":"product","link":"https:\/\/www.figurpaint.com\/en\/product\/chat-sous-la-couette-figurine-cosy\/","title":{"rendered":"Chat sous la couette &#8211; Figurine Cosy"},"content":{"rendered":"<p data-start=\"252\" data-end=\"385\">Craquez pour cette sc\u00e8ne irr\u00e9sistible repr\u00e9sentant un <strong data-start=\"306\" data-end=\"350\">petit chat bien au chaud sous sa couette<\/strong>, plong\u00e9 dans un sommeil profond \ud83d\ude34<\/p>\n<p data-start=\"387\" data-end=\"516\">Blotti confortablement, il incarne \u00e0 lui seul ces moments pr\u00e9cieux o\u00f9 l\u2019on se sent <strong data-start=\"470\" data-end=\"515\">en s\u00e9curit\u00e9, d\u00e9tendu et parfaitement bien<\/strong>.<\/p>\n<p data-start=\"518\" data-end=\"640\">\u2728 Une figurine pleine de douceur qui \u00e9voque les matins tranquilles, les journ\u00e9es cocooning et le plaisir de ne rien faire.<\/p>","protected":false},"excerpt":{"rendered":"<p><em>Figurine cosy chat sous la couette \u00e0 colorier<\/em><\/p>\n<p>Recevez votre figurine en version <strong data-start=\"723\" data-end=\"750\">blanche pr\u00eate \u00e0 peindre<\/strong>, et personnalisez chaque d\u00e9tail pour cr\u00e9er votre propre moment cosy.<\/p>","protected":false},"featured_media":6984,"comment_status":"open","ping_status":"closed","template":"","meta":{"_acf_changed":false,"_gspb_post_css":""},"product_brand":[],"product_cat":[215,183,225,216,185],"product_tag":[],"class_list":{"0":"post-6959","1":"product","2":"type-product","3":"status-publish","4":"has-post-thumbnail","6":"product_cat-figurine-cosy","7":"product_cat-animaux","8":"product_cat-chat","9":"product_cat-cocooning-detente","10":"product_cat-nature-creatures","12":"first","13":"instock","14":"shipping-taxable","15":"purchasable","16":"product-type-variable","17":"has-default-attributes"},"acf":[],"ct_brands":[],"jetpack_sharing_enabled":true,"_links":{"self":[{"href":"https:\/\/www.figurpaint.com\/en\/wp-json\/wp\/v2\/product\/6959","targetHints":{"allow":["GET"]}}],"collection":[{"href":"https:\/\/www.figurpaint.com\/en\/wp-json\/wp\/v2\/product"}],"about":[{"href":"https:\/\/www.figurpaint.com\/en\/wp-json\/wp\/v2\/types\/product"}],"replies":[{"embeddable":true,"href":"https:\/\/www.figurpaint.com\/en\/wp-json\/wp\/v2\/comments?post=6959"}],"wp:featuredmedia":[{"embeddable":true,"href":"https:\/\/www.figurpaint.com\/en\/wp-json\/wp\/v2\/media\/6984"}],"wp:attachment":[{"href":"https:\/\/www.figurpaint.com\/en\/wp-json\/wp\/v2\/media?parent=6959"}],"wp:term":[{"taxonomy":"product_brand","embeddable":true,"href":"https:\/\/www.figurpaint.com\/en\/wp-json\/wp\/v2\/product_brand?post=6959"},{"taxonomy":"product_cat","embeddable":true,"href":"https:\/\/www.figurpaint.com\/en\/wp-json\/wp\/v2\/product_cat?post=6959"},{"taxonomy":"product_tag","embeddable":true,"href":"https:\/\/www.figurpaint.com\/en\/wp-json\/wp\/v2\/product_tag?post=6959"}],"curies":[{"name":"wp","href":"https:\/\/api.w.org\/{rel}","templated":true}]}}