{"id":6947,"date":"2026-04-15T06:44:55","date_gmt":"2026-04-15T06:44:55","guid":{"rendered":"https:\/\/www.figurpaint.com\/?post_type=product&#038;p=6947"},"modified":"2026-04-15T06:53:09","modified_gmt":"2026-04-15T06:53:09","slug":"duo-panda-koala-musiciens-figurine-cosy","status":"publish","type":"product","link":"https:\/\/www.figurpaint.com\/en\/product\/duo-panda-koala-musiciens-figurine-cosy\/","title":{"rendered":"Duo Panda &#038; Koala Musiciens \u2013 Figurine Cosy"},"content":{"rendered":"<p data-start=\"255\" data-end=\"402\">Craquez pour cette sc\u00e8ne pleine de bonne humeur avec ce <strong data-start=\"311\" data-end=\"344\">panda et ce koala guitaristes<\/strong>, r\u00e9unis pour un moment musical aussi doux qu\u2019attachant \ud83c\udfb6<\/p>\n<p data-start=\"404\" data-end=\"590\">Install\u00e9s dans une ambiance chaleureuse, ces deux compagnons partagent un instant unique entre <strong data-start=\"499\" data-end=\"533\">notes de guitare et complicit\u00e9<\/strong>, pour une figurine qui respire la joie et la cr\u00e9ativit\u00e9.<\/p>\n<p data-start=\"592\" data-end=\"789\">\u2728 <strong data-start=\"594\" data-end=\"643\">Plus qu\u2019une figurine : une exp\u00e9rience \u00e0 vivre<\/strong><br data-start=\"643\" data-end=\"646\" \/>Recevez votre mod\u00e8le en version <strong data-start=\"678\" data-end=\"705\">blanche pr\u00eate \u00e0 peindre<\/strong>, et laissez libre cours \u00e0 votre imagination pour donner vie \u00e0 cette sc\u00e8ne musicale.<\/p>","protected":false},"excerpt":{"rendered":"<p><em>Figurine cosy duo Panda &amp; Koala Musiciens \u00e0 colorier<\/em><\/p>","protected":false},"featured_media":6951,"comment_status":"open","ping_status":"closed","template":"","meta":{"_acf_changed":false,"_gspb_post_css":""},"product_brand":[],"product_cat":[215,183,226,231,185,230],"product_tag":[],"class_list":{"0":"post-6947","1":"product","2":"type-product","3":"status-publish","4":"has-post-thumbnail","6":"product_cat-figurine-cosy","7":"product_cat-animaux","8":"product_cat-creatif-atelier","9":"product_cat-koala","10":"product_cat-nature-creatures","11":"product_cat-panda","13":"first","14":"instock","15":"shipping-taxable","16":"purchasable","17":"product-type-variable","18":"has-default-attributes"},"acf":[],"ct_brands":[],"jetpack_sharing_enabled":true,"_links":{"self":[{"href":"https:\/\/www.figurpaint.com\/en\/wp-json\/wp\/v2\/product\/6947","targetHints":{"allow":["GET"]}}],"collection":[{"href":"https:\/\/www.figurpaint.com\/en\/wp-json\/wp\/v2\/product"}],"about":[{"href":"https:\/\/www.figurpaint.com\/en\/wp-json\/wp\/v2\/types\/product"}],"replies":[{"embeddable":true,"href":"https:\/\/www.figurpaint.com\/en\/wp-json\/wp\/v2\/comments?post=6947"}],"wp:featuredmedia":[{"embeddable":true,"href":"https:\/\/www.figurpaint.com\/en\/wp-json\/wp\/v2\/media\/6951"}],"wp:attachment":[{"href":"https:\/\/www.figurpaint.com\/en\/wp-json\/wp\/v2\/media?parent=6947"}],"wp:term":[{"taxonomy":"product_brand","embeddable":true,"href":"https:\/\/www.figurpaint.com\/en\/wp-json\/wp\/v2\/product_brand?post=6947"},{"taxonomy":"product_cat","embeddable":true,"href":"https:\/\/www.figurpaint.com\/en\/wp-json\/wp\/v2\/product_cat?post=6947"},{"taxonomy":"product_tag","embeddable":true,"href":"https:\/\/www.figurpaint.com\/en\/wp-json\/wp\/v2\/product_tag?post=6947"}],"curies":[{"name":"wp","href":"https:\/\/api.w.org\/{rel}","templated":true}]}}