{"id":6933,"date":"2026-04-14T15:33:04","date_gmt":"2026-04-14T15:33:04","guid":{"rendered":"https:\/\/www.figurpaint.com\/?post_type=product&#038;p=6933"},"modified":"2026-04-14T15:48:00","modified_gmt":"2026-04-14T15:48:00","slug":"loutres-au-jardin-zen-figurine-cosy","status":"publish","type":"product","link":"https:\/\/www.figurpaint.com\/en\/product\/loutres-au-jardin-zen-figurine-cosy\/","title":{"rendered":"Loutres au Jardin Zen \u2013 Figurine Cosy"},"content":{"rendered":"<p data-start=\"209\" data-end=\"356\">Offrez-vous un moment de douceur et de cr\u00e9ativit\u00e9 avec ce <strong data-start=\"267\" data-end=\"297\">duo de loutres jardini\u00e8res<\/strong>, install\u00e9 dans un <strong data-start=\"316\" data-end=\"353\">magnifique parc japonais apaisant<\/strong> \ud83c\udf3f<\/p>\n<p data-start=\"358\" data-end=\"527\">Ces adorables loutres prennent soin de leur petit coin de nature entre <strong data-start=\"429\" data-end=\"475\">plantes d\u00e9licates, pierres et ambiance zen<\/strong>, pour une sc\u00e8ne pleine de s\u00e9r\u00e9nit\u00e9 et de tendresse.<\/p>\n<p data-start=\"358\" data-end=\"527\">Recevez votre figurine en version <strong data-start=\"625\" data-end=\"652\">blanche pr\u00eate \u00e0 peindre<\/strong>, et donnez vie \u00e0 cette sc\u00e8ne unique selon vos envies. Que vous soyez d\u00e9butant ou passionn\u00e9, c\u2019est l\u2019activit\u00e9 parfaite pour cr\u00e9er un souvenir personnalis\u00e9.<\/p>","protected":false},"excerpt":{"rendered":"<p><em>Figurine cosy 2 loutres au jardin zen \u00e0 colorier<\/em><\/p>\n<p data-start=\"163\" data-end=\"404\">\u2728 <strong data-start=\"531\" data-end=\"588\">Plus qu\u2019une simple figurine : une exp\u00e9rience cr\u00e9ative<\/strong><\/p>","protected":false},"featured_media":6937,"comment_status":"open","ping_status":"closed","template":"","meta":{"_acf_changed":false,"_gspb_post_css":""},"product_brand":[],"product_cat":[215,183,227,228,185,229],"product_tag":[],"class_list":{"0":"post-6933","1":"product","2":"type-product","3":"status-publish","4":"has-post-thumbnail","6":"product_cat-figurine-cosy","7":"product_cat-animaux","8":"product_cat-lapin","9":"product_cat-loutre","10":"product_cat-nature-creatures","11":"product_cat-univers-zen-nature","13":"first","14":"instock","15":"shipping-taxable","16":"purchasable","17":"product-type-variable","18":"has-default-attributes"},"acf":[],"ct_brands":[],"jetpack_sharing_enabled":true,"_links":{"self":[{"href":"https:\/\/www.figurpaint.com\/en\/wp-json\/wp\/v2\/product\/6933","targetHints":{"allow":["GET"]}}],"collection":[{"href":"https:\/\/www.figurpaint.com\/en\/wp-json\/wp\/v2\/product"}],"about":[{"href":"https:\/\/www.figurpaint.com\/en\/wp-json\/wp\/v2\/types\/product"}],"replies":[{"embeddable":true,"href":"https:\/\/www.figurpaint.com\/en\/wp-json\/wp\/v2\/comments?post=6933"}],"wp:featuredmedia":[{"embeddable":true,"href":"https:\/\/www.figurpaint.com\/en\/wp-json\/wp\/v2\/media\/6937"}],"wp:attachment":[{"href":"https:\/\/www.figurpaint.com\/en\/wp-json\/wp\/v2\/media?parent=6933"}],"wp:term":[{"taxonomy":"product_brand","embeddable":true,"href":"https:\/\/www.figurpaint.com\/en\/wp-json\/wp\/v2\/product_brand?post=6933"},{"taxonomy":"product_cat","embeddable":true,"href":"https:\/\/www.figurpaint.com\/en\/wp-json\/wp\/v2\/product_cat?post=6933"},{"taxonomy":"product_tag","embeddable":true,"href":"https:\/\/www.figurpaint.com\/en\/wp-json\/wp\/v2\/product_tag?post=6933"}],"curies":[{"name":"wp","href":"https:\/\/api.w.org\/{rel}","templated":true}]}}