{"id":6923,"date":"2026-04-14T09:13:58","date_gmt":"2026-04-14T09:13:58","guid":{"rendered":"https:\/\/www.figurpaint.com\/?post_type=product&#038;p=6923"},"modified":"2026-04-14T15:31:02","modified_gmt":"2026-04-14T15:31:02","slug":"douce-pause-figurine-cosy","status":"publish","type":"product","link":"https:\/\/www.figurpaint.com\/en\/product\/douce-pause-figurine-cosy\/","title":{"rendered":"Douce Pause &#8211; Figurine Cosy"},"content":{"rendered":"<p data-start=\"618\" data-end=\"648\">\ud83d\udc9b <strong data-start=\"621\" data-end=\"646\">Pourquoi on l\u2019adore :<\/strong><\/p>\n<ul data-start=\"649\" data-end=\"893\">\n<li data-section-id=\"plhby9\" data-start=\"649\" data-end=\"713\">Une sc\u00e8ne r\u00e9confortante qui \u00e9voque le calme et la complicit\u00e9<\/li>\n<li data-section-id=\"11xlpdf\" data-start=\"714\" data-end=\"770\">Parfait comme <strong data-start=\"730\" data-end=\"768\">cadeau original et plein d\u2019\u00e9motion<\/strong><\/li>\n<li data-section-id=\"1wvm7y8\" data-start=\"771\" data-end=\"824\">Id\u00e9al pour une d\u00e9coration douce, cosy et po\u00e9tique<\/li>\n<li data-section-id=\"e780w1\" data-start=\"825\" data-end=\"893\">Une activit\u00e9 cr\u00e9ative si vous choisissez de la peindre vous-m\u00eame<\/li>\n<\/ul>\n<p data-start=\"895\" data-end=\"1111\">\ud83c\udfa8 <strong data-start=\"898\" data-end=\"936\">\u00c0 personnaliser selon vos envies :<\/strong><br data-start=\"936\" data-end=\"939\" \/>La figurine est livr\u00e9e <strong data-start=\"962\" data-end=\"973\">blanche<\/strong>, pr\u00eate \u00e0 \u00eatre peinte. Laissez libre cours \u00e0 votre imagination pour donner vie \u00e0 ce moment unique et cr\u00e9er une pi\u00e8ce vraiment personnelle.<\/p>\n<p data-start=\"1113\" data-end=\"1246\">\ud83c\udf81 <strong data-start=\"1116\" data-end=\"1158\">Le petit plus qui fait la diff\u00e9rence :<\/strong><br data-start=\"1158\" data-end=\"1161\" \/>Un objet qui n\u2019est pas qu\u2019une d\u00e9coration\u2026 mais <strong data-start=\"1208\" data-end=\"1245\">un souvenir \u00e0 cr\u00e9er et \u00e0 partager<\/strong><\/p>","protected":false},"excerpt":{"rendered":"<p><em>Figurine cosy 2 lapins prennent le th\u00e9 \u00e0 colorier<\/em><\/p>\n<p data-start=\"163\" data-end=\"404\">Chaque d\u00e9tail \u00e9voque la douceur du quotidien : une sc\u00e8ne intime, presque silencieuse, qui invite \u00e0 ralentir et savourer l\u2019instant.<\/p>","protected":false},"featured_media":6927,"comment_status":"open","ping_status":"closed","template":"","meta":{"_acf_changed":false,"_gspb_post_css":""},"product_brand":[],"product_cat":[215,183,216,227,185],"product_tag":[],"class_list":{"0":"post-6923","1":"product","2":"type-product","3":"status-publish","4":"has-post-thumbnail","6":"product_cat-figurine-cosy","7":"product_cat-animaux","8":"product_cat-cocooning-detente","9":"product_cat-lapin","10":"product_cat-nature-creatures","12":"first","13":"instock","14":"shipping-taxable","15":"purchasable","16":"product-type-variable","17":"has-default-attributes"},"acf":[],"ct_brands":[],"jetpack_sharing_enabled":true,"_links":{"self":[{"href":"https:\/\/www.figurpaint.com\/en\/wp-json\/wp\/v2\/product\/6923","targetHints":{"allow":["GET"]}}],"collection":[{"href":"https:\/\/www.figurpaint.com\/en\/wp-json\/wp\/v2\/product"}],"about":[{"href":"https:\/\/www.figurpaint.com\/en\/wp-json\/wp\/v2\/types\/product"}],"replies":[{"embeddable":true,"href":"https:\/\/www.figurpaint.com\/en\/wp-json\/wp\/v2\/comments?post=6923"}],"wp:featuredmedia":[{"embeddable":true,"href":"https:\/\/www.figurpaint.com\/en\/wp-json\/wp\/v2\/media\/6927"}],"wp:attachment":[{"href":"https:\/\/www.figurpaint.com\/en\/wp-json\/wp\/v2\/media?parent=6923"}],"wp:term":[{"taxonomy":"product_brand","embeddable":true,"href":"https:\/\/www.figurpaint.com\/en\/wp-json\/wp\/v2\/product_brand?post=6923"},{"taxonomy":"product_cat","embeddable":true,"href":"https:\/\/www.figurpaint.com\/en\/wp-json\/wp\/v2\/product_cat?post=6923"},{"taxonomy":"product_tag","embeddable":true,"href":"https:\/\/www.figurpaint.com\/en\/wp-json\/wp\/v2\/product_tag?post=6923"}],"curies":[{"name":"wp","href":"https:\/\/api.w.org\/{rel}","templated":true}]}}