{"id":6745,"date":"2026-04-08T15:54:00","date_gmt":"2026-04-08T15:54:00","guid":{"rendered":"https:\/\/www.figurpaint.com\/?post_type=product&#038;p=6745"},"modified":"2026-04-13T06:55:25","modified_gmt":"2026-04-13T06:55:25","slug":"chat-artiste","status":"publish","type":"product","link":"https:\/\/www.figurpaint.com\/en\/product\/chat-artiste\/","title":{"rendered":"Chat Artiste &#8211; Figurine Cosy"},"content":{"rendered":"<p data-start=\"402\" data-end=\"614\">\ud83d\udc9b <strong data-start=\"405\" data-end=\"439\">Une sc\u00e8ne pleine de cr\u00e9ativit\u00e9<\/strong><br data-start=\"439\" data-end=\"442\" \/>Ce chat peint avec concentration, dans une atmosph\u00e8re apaisante qui invite \u00e0 ralentir et \u00e0 profiter du moment pr\u00e9sent. Une figurine qui respire la douceur et l\u2019imagination.<\/p>\n<p data-start=\"616\" data-end=\"729\">\ud83c\udfa8 <strong data-start=\"619\" data-end=\"655\">\u00c0 personnaliser selon vos envies<\/strong><br data-start=\"655\" data-end=\"658\" \/>Recevez votre figurine en version blanche, pr\u00eate \u00e0 \u00eatre transform\u00e9e :<\/p>\n<ul data-start=\"730\" data-end=\"828\">\n<li data-section-id=\"xycbvl\" data-start=\"730\" data-end=\"752\">Peinture acrylique<\/li>\n<li data-section-id=\"16omrlc\" data-start=\"753\" data-end=\"775\">Feutres acryliques<\/li>\n<li data-section-id=\"1d5ej6l\" data-start=\"776\" data-end=\"828\">Ou laiss\u00e9e brute pour un rendu minimaliste \u00e9l\u00e9gant<\/li>\n<\/ul>","protected":false},"excerpt":{"rendered":"<p><em>Figurine cosy chat dans son atelier \u00e0 colorier<\/em><\/p>\n<p data-start=\"163\" data-end=\"404\">Plongez dans un univers doux et inspirant avec cette figurine d\u2019un adorable chat en pleine cr\u00e9ation artistique \ud83d\udc31\u2728<\/p>","protected":false},"featured_media":6749,"comment_status":"open","ping_status":"closed","template":"","meta":{"_acf_changed":false,"_gspb_post_css":""},"product_brand":[],"product_cat":[215,183,225,226,185],"product_tag":[],"class_list":{"0":"post-6745","1":"product","2":"type-product","3":"status-publish","4":"has-post-thumbnail","6":"product_cat-figurine-cosy","7":"product_cat-animaux","8":"product_cat-chat","9":"product_cat-creatif-atelier","10":"product_cat-nature-creatures","12":"first","13":"instock","14":"shipping-taxable","15":"purchasable","16":"product-type-variable","17":"has-default-attributes"},"acf":[],"ct_brands":[],"jetpack_sharing_enabled":true,"_links":{"self":[{"href":"https:\/\/www.figurpaint.com\/en\/wp-json\/wp\/v2\/product\/6745","targetHints":{"allow":["GET"]}}],"collection":[{"href":"https:\/\/www.figurpaint.com\/en\/wp-json\/wp\/v2\/product"}],"about":[{"href":"https:\/\/www.figurpaint.com\/en\/wp-json\/wp\/v2\/types\/product"}],"replies":[{"embeddable":true,"href":"https:\/\/www.figurpaint.com\/en\/wp-json\/wp\/v2\/comments?post=6745"}],"wp:featuredmedia":[{"embeddable":true,"href":"https:\/\/www.figurpaint.com\/en\/wp-json\/wp\/v2\/media\/6749"}],"wp:attachment":[{"href":"https:\/\/www.figurpaint.com\/en\/wp-json\/wp\/v2\/media?parent=6745"}],"wp:term":[{"taxonomy":"product_brand","embeddable":true,"href":"https:\/\/www.figurpaint.com\/en\/wp-json\/wp\/v2\/product_brand?post=6745"},{"taxonomy":"product_cat","embeddable":true,"href":"https:\/\/www.figurpaint.com\/en\/wp-json\/wp\/v2\/product_cat?post=6745"},{"taxonomy":"product_tag","embeddable":true,"href":"https:\/\/www.figurpaint.com\/en\/wp-json\/wp\/v2\/product_tag?post=6745"}],"curies":[{"name":"wp","href":"https:\/\/api.w.org\/{rel}","templated":true}]}}