{"id":6736,"date":"2026-04-08T15:22:00","date_gmt":"2026-04-08T15:22:00","guid":{"rendered":"https:\/\/www.figurpaint.com\/?post_type=product&#038;p=6736"},"modified":"2026-04-13T06:56:05","modified_gmt":"2026-04-13T06:56:05","slug":"detente-au-spa","status":"publish","type":"product","link":"https:\/\/www.figurpaint.com\/en\/product\/detente-au-spa\/","title":{"rendered":"D\u00e9tente au spa &#8211; Figurine Cosy"},"content":{"rendered":"<p data-start=\"406\" data-end=\"604\">\u2728 <strong data-start=\"408\" data-end=\"440\">Une sc\u00e8ne pleine de s\u00e9r\u00e9nit\u00e9<\/strong><br data-start=\"440\" data-end=\"443\" \/>Entre bain chaud, d\u00e9tente et complicit\u00e9, cette figurine capture un instant cocooning irr\u00e9sistible. Parfaite pour cr\u00e9er une ambiance zen et chaleureuse chez vous.<\/p>\n<p data-start=\"606\" data-end=\"729\">\ud83c\udfa8 <strong data-start=\"609\" data-end=\"653\">\u00c0 peindre ou \u00e0 colorier selon vos envies<\/strong><br data-start=\"653\" data-end=\"656\" \/>Recevez votre figurine en version blanche, pr\u00eate \u00e0 \u00eatre personnalis\u00e9e :<\/p>\n<ul data-start=\"730\" data-end=\"827\">\n<li data-section-id=\"xycbvl\" data-start=\"730\" data-end=\"752\">Peinture acrylique<\/li>\n<li data-section-id=\"16omrlc\" data-start=\"753\" data-end=\"775\">Feutres acryliques<\/li>\n<li data-section-id=\"evo8bt\" data-start=\"776\" data-end=\"827\">Ou laiss\u00e9e telle quelle pour un rendu minimaliste<\/li>\n<\/ul>","protected":false},"excerpt":{"rendered":"<p><em>Figurine cosy ours &amp; canard au spa \u00e0 colorier<\/em><\/p>\n<p data-start=\"163\" data-end=\"404\">Offrez-vous un moment de douceur avec cette figurine cosy pleine de tendresse \ud83d\udc9b<br data-start=\"243\" data-end=\"246\" \/>Un adorable ours et son compagnon canard profitent d\u2019un instant spa relaxant, dans une sc\u00e8ne apaisante qui invite \u00e0 ralentir et \u00e0 savourer les petits moments.<\/p>","protected":false},"featured_media":6741,"comment_status":"open","ping_status":"closed","template":"","meta":{"_acf_changed":false,"_gspb_post_css":""},"product_brand":[],"product_cat":[215,183,224,216,185,223],"product_tag":[],"class_list":{"0":"post-6736","1":"product","2":"type-product","3":"status-publish","4":"has-post-thumbnail","6":"product_cat-figurine-cosy","7":"product_cat-animaux","8":"product_cat-canard","9":"product_cat-cocooning-detente","10":"product_cat-nature-creatures","11":"product_cat-ours","13":"first","14":"instock","15":"shipping-taxable","16":"purchasable","17":"product-type-variable","18":"has-default-attributes"},"acf":[],"ct_brands":[],"jetpack_sharing_enabled":true,"_links":{"self":[{"href":"https:\/\/www.figurpaint.com\/en\/wp-json\/wp\/v2\/product\/6736","targetHints":{"allow":["GET"]}}],"collection":[{"href":"https:\/\/www.figurpaint.com\/en\/wp-json\/wp\/v2\/product"}],"about":[{"href":"https:\/\/www.figurpaint.com\/en\/wp-json\/wp\/v2\/types\/product"}],"replies":[{"embeddable":true,"href":"https:\/\/www.figurpaint.com\/en\/wp-json\/wp\/v2\/comments?post=6736"}],"wp:featuredmedia":[{"embeddable":true,"href":"https:\/\/www.figurpaint.com\/en\/wp-json\/wp\/v2\/media\/6741"}],"wp:attachment":[{"href":"https:\/\/www.figurpaint.com\/en\/wp-json\/wp\/v2\/media?parent=6736"}],"wp:term":[{"taxonomy":"product_brand","embeddable":true,"href":"https:\/\/www.figurpaint.com\/en\/wp-json\/wp\/v2\/product_brand?post=6736"},{"taxonomy":"product_cat","embeddable":true,"href":"https:\/\/www.figurpaint.com\/en\/wp-json\/wp\/v2\/product_cat?post=6736"},{"taxonomy":"product_tag","embeddable":true,"href":"https:\/\/www.figurpaint.com\/en\/wp-json\/wp\/v2\/product_tag?post=6736"}],"curies":[{"name":"wp","href":"https:\/\/api.w.org\/{rel}","templated":true}]}}