{"id":2205,"date":"2025-10-18T20:25:00","date_gmt":"2025-10-18T20:25:00","guid":{"rendered":"https:\/\/www.figurpaint.com\/?post_type=product&#038;p=2205"},"modified":"2026-04-13T06:56:30","modified_gmt":"2026-04-13T06:56:30","slug":"figurine-personnalisee-couple","status":"publish","type":"product","link":"https:\/\/www.figurpaint.com\/en\/product\/figurine-personnalisee-couple\/","title":{"rendered":"Figurine personnalis\u00e9e couple"},"content":{"rendered":"<p><br \/>\n<div data-block=\"hook:1478\" class=\"alignfull\"><article id=\"post-1478\" class=\"post-1478\"><div class=\"entry-content is-layout-constrained\">\n<h2 id=\"gspb_heading-id-gsbp-922f84e\" class=\"gspb_heading gspb_heading-id-gsbp-922f84e\">Pourquoi choisir Figurpaint ?<\/h2>\n\n\n\n<table class=\"gsbp-22ad1bc\">\n<tr>\n<th class=\"gsbp-527413c\"><\/th>\n\n\n\n<th class=\"gsbp-5728e56\">FIGURPAINT<\/th>\n\n\n\n<th class=\"gsbp-747788f\">Autres marques...<\/th>\n<\/tr>\n\n\n\n<tr class=\"gsbp-c346e16\">\n<td class=\"gsbp-e7b0edd\">Figurine unique, adapt\u00e9e \u00e0 chaque photo<\/td>\n\n\n\n<td class=\"gsbp-c102854\">\u2713<\/td>\n\n\n\n<td class=\"gsbp-bd98035\">\u2718<\/td>\n<\/tr>\n\n\n\n<tr>\n<td class=\"gsbp-8eb46ed\">Exp\u00e9rience cr\u00e9ative & ludique<\/td>\n\n\n\n<td class=\"gsbp-1827241\">\u2713<\/td>\n\n\n\n<td class=\"gsbp-14ea8e8\">\u2718<\/td>\n<\/tr>\n\n\n\n<tr>\n<td class=\"gsbp-3ec4cec\">Pr\u00e9par\u00e9e et nettoy\u00e9 \u00e0 la main<\/td>\n\n\n\n<td class=\"gsbp-75856b0\">\u2713<\/td>\n\n\n\n<td class=\"gsbp-182c0bb\">\u2718<\/td>\n<\/tr>\n\n\n\n<tr>\n<td class=\"gsbp-9edc57d\">Fabriqu\u00e9 en France \ud83c\uddeb\ud83c\uddf7<\/td>\n\n\n\n<td class=\"gsbp-9a2d218\">\u2713<\/td>\n\n\n\n<td class=\"gsbp-0ecf726\">\u2718<\/td>\n<\/tr>\n\n\n\n<tr>\n<td class=\"gsbp-cac9f31\">Assistance et conseils inclus<\/td>\n\n\n\n<td class=\"gsbp-3eb7785\">\u2713<\/td>\n\n\n\n<td class=\"gsbp-8e3042b\">\u2718<\/td>\n<\/tr>\n\n\n\n<tr>\n<td class=\"gsbp-cb2889e\"><\/td>\n\n\n\n<td class=\"gsbp-8aba206\"><\/td>\n\n\n\n<td class=\"gsbp-a03634d\"><\/td>\n<\/tr>\n<\/table>\n\n\n\n<h2 id=\"gspb_heading-id-gsbp-64fe0a7\" class=\"gspb_heading gspb_heading-id-gsbp-64fe0a7\">Comment est cr\u00e9\u00e9e votre figurine ?<\/h2>\n\n\n\n<div id=\"gspb_text-id-gsbp-8850523\" class=\"gspb_text gspb_text-id-gsbp-8850523\"><strong>Chez Figurpaint, nous ne produisons pas en s\u00e9rie. Nous cr\u00e9ons chaque figurine comme si c\u2019\u00e9tait la n\u00f4tre.<\/strong><\/div>\n\n\n\n<div class=\"wp-block-greenshift-blocks-container gspb_container gspb_container-gsbp-0a745d8\" id=\"gspb_container-id-gsbp-0a745d8\">\n<div class=\"wp-block-greenshift-blocks-container gspb_container gspb_container-gsbp-8e6c8ce\" id=\"gspb_container-id-gsbp-8e6c8ce\">\n<div class=\"wp-block-greenshift-blocks-swiper gs-swiper gspb_slider-id-gsbp-d3cb9b8 .slider-sync\" style=\"position:relative\"><div class=\"gs-swiper-init\" data-slidesperview=\"1\" data-spacebetween=\"10\" data-spacebetweenmd=\"10\" data-spacebetweensm=\"10\" data-spacebetweenxs=\"10\" data-speed=\"400\" data-loop=\"true\" data-vertical=\"false\" data-verticalheight=\"700px\" data-autoheight=\"false\" data-grabcursor=\"false\" data-freemode=\"false\" data-centered=\"false\" data-autoplay=\"true\" data-autodelay=\"4000\" data-effect=\"\" data-coverflowshadow=\"false\" data-syncedcontainer=\".slider-sync\"><div class=\"swiper\"><div class=\"swiper-wrapper\">\n<div class=\"swiper-slide\"><div class=\"wp-block-greenshift-blocks-swipe swiper-slide-inner gspb_sliderinner-id-gsbp-408742c\"><div class=\"slider-content-zone\">\n<div class=\"wp-block-greenshift-blocks-image gspb_image gspb_image-id-gsbp-325a83f\" id=\"gspb_image-id-gsbp-325a83f\"><img decoding=\"async\" src=\"https:\/\/www.figurpaint.com\/wp-content\/uploads\/2025\/09\/figurine-personnalisee-2-personnes.webp\" data-src=\"\" alt=\"\" loading=\"lazy\" width=\"1020\"\/><\/div>\n<\/div><\/div><\/div>\n\n\n\n<div class=\"swiper-slide\"><div class=\"wp-block-greenshift-blocks-swipe swiper-slide-inner gspb_sliderinner-id-gsbp-a5d4b35\"><div class=\"slider-content-zone\">\n<div class=\"wp-block-greenshift-blocks-image gspb_image gspb_image-id-gsbp-92275e3\" id=\"gspb_image-id-gsbp-92275e3\"><img decoding=\"async\" src=\"https:\/\/www.figurpaint.com\/wp-content\/uploads\/2025\/09\/figurine-en-cours.webp\" data-src=\"\" alt=\"\" loading=\"lazy\" width=\"2268\"\/><\/div>\n<\/div><\/div><\/div>\n\n\n\n<div class=\"swiper-slide\"><div class=\"wp-block-greenshift-blocks-swipe swiper-slide-inner gspb_sliderinner-id-gsbp-dbba25b\"><div class=\"slider-content-zone\">\n<div class=\"wp-block-greenshift-blocks-image gspb_image gspb_image-id-gsbp-300ce7a\" id=\"gspb_image-id-gsbp-300ce7a\"><img decoding=\"async\" src=\"https:\/\/www.figurpaint.com\/wp-content\/uploads\/2025\/09\/enelver-les-supports-.webp\" data-src=\"\" alt=\"\" loading=\"lazy\" width=\"1125\"\/><\/div>\n<\/div><\/div><\/div>\n\n\n\n<div class=\"swiper-slide\"><div class=\"wp-block-greenshift-blocks-swipe swiper-slide-inner gspb_sliderinner-id-gsbp-d431696\"><div class=\"slider-content-zone\">\n<div class=\"wp-block-greenshift-blocks-image gspb_image gspb_image-id-gsbp-8402460\" id=\"gspb_image-id-gsbp-8402460\"><img decoding=\"async\" src=\"https:\/\/www.figurpaint.com\/wp-content\/uploads\/2025\/09\/packaging.webp\" data-src=\"\" alt=\"\" loading=\"lazy\" width=\"1125\"\/><\/div>\n<\/div><\/div><\/div>\n\n\n\n<div class=\"swiper-slide\"><div class=\"wp-block-greenshift-blocks-swipe swiper-slide-inner gspb_sliderinner-id-gsbp-29c7c7f\"><div class=\"slider-content-zone\">\n<div class=\"wp-block-greenshift-blocks-image gspb_image gspb_image-id-gsbp-e03fb98\" id=\"gspb_image-id-gsbp-e03fb98\"><img decoding=\"async\" src=\"https:\/\/www.figurpaint.com\/wp-content\/uploads\/2025\/09\/figurine-prete-a-peindre.webp\" data-src=\"\" alt=\"\" loading=\"lazy\" width=\"1536\"\/><\/div>\n<\/div><\/div><\/div>\n<\/div><\/div><div class=\"swiper-pagination\"><\/div><div class=\"swiper-button-prev\"><\/div><div class=\"swiper-button-next\"><\/div><div class=\"swiper-scrollbar\"><\/div><\/div><\/div>\n<\/div>\n\n\n\n<div class=\"wp-block-greenshift-blocks-container gspb_container gspb_container-gsbp-ef2eadd\" id=\"gspb_container-id-gsbp-ef2eadd\">\n<div class=\"wp-block-greenshift-blocks-accordion gs-accordion gspb_accordion-id-gsbp-140e130 togglelogic .slider-sync slider-sync\" id=\"gspb_accordion-id-gsbp-140e130\" >\n<div class=\"wp-block-greenshift-blocks-accordionitem gs-accordion-item gspb_accordionitem-gsbp-7c89a67 gsopen\" id=\"gspb_accordionitem-gsbp-7c89a67\" itemscope><div id=\"gs-trigger-gsbp-140e130-0\" class=\"gs-accordion-item__title\" aria-expanded=\"true\" role=\"button\" tabindex=\"0\" aria-controls=\"gspb-accordion-item-content-gsbp-7c89a67\"><div class=\"gs-accordion-item__heading\"><strong>\u00c9tape 1<\/strong> \u2013 Vous t\u00e9l\u00e9chargez votre photo et configurez votre figurine<\/div><span class=\"iconfortoggle\"><span class=\"gs-iconbefore\"><\/span><span class=\"gs-iconafter\"><\/span><\/span><\/div><div aria-labelledby=\"gs-trigger-gsbp-140e130-0\" class=\"gs-accordion-item__content\" itemscope id=\"gspb-accordion-item-content-gsbp-7c89a67\" aria-hidden=\"false\"><div class=\"gs-accordion-item__text\">\n<p>Tout commence avec votre image.<\/p>\n\n\n\n<p>Vous t\u00e9l\u00e9chargez la photo qui compte pour vous, puis vous choisissez les options de votre figurine (taille, style\u2026).<\/p>\n\n\n\n<p>Besoin d\u2019un renseignement ?<br>Notre service client, bas\u00e9 en France, vous r\u00e9pond sous 24h.<\/p>\n<\/div><\/div><\/div>\n\n\n\n<div class=\"wp-block-greenshift-blocks-accordionitem gs-accordion-item gspb_accordionitem-gsbp-f1c7b51 gsclose\" id=\"gspb_accordionitem-gsbp-f1c7b51\" itemscope><div id=\"gs-trigger-gsbp-140e130-1\" class=\"gs-accordion-item__title\" aria-expanded=\"false\" role=\"button\" tabindex=\"0\" aria-controls=\"gspb-accordion-item-content-gsbp-f1c7b51\"><div class=\"gs-accordion-item__heading\"><strong>\u00c9tape 2 <\/strong>\u2013 Mod\u00e9lisation 3D &amp; impression<\/div><span class=\"iconfortoggle\"><span class=\"gs-iconbefore\"><\/span><span class=\"gs-iconafter\"><\/span><\/span><\/div><div aria-labelledby=\"gs-trigger-gsbp-140e130-1\" class=\"gs-accordion-item__content\" itemscope id=\"gspb-accordion-item-content-gsbp-f1c7b51\" aria-hidden=\"true\"><div class=\"gs-accordion-item__text\">\n<p>\u00c0 partir de votre photo et de l\u2019aper\u00e7u configur\u00e9, nous r\u00e9alisons un mod\u00e8le 3D personnalis\u00e9.<\/p>\n\n\n\n<p>Nous adaptons les proportions et les d\u00e9tails afin que la figurine soit fid\u00e8le, harmonieuse et parfaitement adapt\u00e9e au format que vous avez choisi.<\/p>\n\n\n\n<p>Chaque cr\u00e9ation est travaill\u00e9e individuellement.<\/p>\n<\/div><\/div><\/div>\n\n\n\n<div class=\"wp-block-greenshift-blocks-accordionitem gs-accordion-item gspb_accordionitem-gsbp-6a42087 gsclose\" id=\"gspb_accordionitem-gsbp-6a42087\" itemscope><div id=\"gs-trigger-gsbp-140e130-2\" class=\"gs-accordion-item__title\" aria-expanded=\"false\" role=\"button\" tabindex=\"0\" aria-controls=\"gspb-accordion-item-content-gsbp-6a42087\"><div class=\"gs-accordion-item__heading\"><strong>\u00c9tape 3<\/strong> \u2013 Pr\u00e9paration &amp; finitions \u00e0 la main<\/div><span class=\"iconfortoggle\"><span class=\"gs-iconbefore\"><\/span><span class=\"gs-iconafter\"><\/span><\/span><\/div><div aria-labelledby=\"gs-trigger-gsbp-140e130-2\" class=\"gs-accordion-item__content\" itemscope id=\"gspb-accordion-item-content-gsbp-6a42087\" aria-hidden=\"true\"><div class=\"gs-accordion-item__text\">\n<p>Votre figurine est fabriqu\u00e9e en France avec des mat\u00e9riaux de qualit\u00e9.<\/p>\n\n\n\n<p>Puis elle est :<\/p>\n\n\n\n<p>\u2702 Nettoy\u00e9e<br>\ud83d\udd90 Pr\u00e9par\u00e9e \u00e0 la main<br>\ud83d\udd0e V\u00e9rifi\u00e9e avant envoi<\/p>\n\n\n\n<p>Nous prenons le temps de contr\u00f4ler chaque pi\u00e8ce avec attention.<\/p>\n<\/div><\/div><\/div>\n\n\n\n<div class=\"wp-block-greenshift-blocks-accordionitem gs-accordion-item gspb_accordionitem-gsbp-04c7ca7 gsclose\" id=\"gspb_accordionitem-gsbp-04c7ca7\" itemscope><div id=\"gs-trigger-gsbp-140e130-3\" class=\"gs-accordion-item__title\" aria-expanded=\"false\" role=\"button\" tabindex=\"0\" aria-controls=\"gspb-accordion-item-content-gsbp-04c7ca7\"><div class=\"gs-accordion-item__heading\"><strong>\u00c9tape 4<\/strong> \u2013 Emballage soign\u00e9 et exp\u00e9dition<\/div><span class=\"iconfortoggle\"><span class=\"gs-iconbefore\"><\/span><span class=\"gs-iconafter\"><\/span><\/span><\/div><div aria-labelledby=\"gs-trigger-gsbp-140e130-3\" class=\"gs-accordion-item__content\" itemscope id=\"gspb-accordion-item-content-gsbp-04c7ca7\" aria-hidden=\"true\"><div class=\"gs-accordion-item__text\">\n<p>Nous pr\u00e9parons votre commande avec le plus grand soin.<\/p>\n\n\n\n<p>Chaque figurine est prot\u00e9g\u00e9e avec un emballage adapt\u00e9 pour garantir un transport s\u00e9curis\u00e9.<br>Votre colis est exp\u00e9di\u00e9 depuis notre atelier en France et vous recevez un num\u00e9ro de suivi pour suivre son acheminement.<\/p>\n\n\n\n<p>Votre figurine arrive pr\u00eate \u00e0 \u00eatre peinte.<\/p>\n<\/div><\/div><\/div>\n\n\n\n<div class=\"wp-block-greenshift-blocks-accordionitem gs-accordion-item gspb_accordionitem-gsbp-28dbd89 gsclose\" id=\"gspb_accordionitem-gsbp-28dbd89\" itemscope><div id=\"gs-trigger-gsbp-140e130-4\" class=\"gs-accordion-item__title\" aria-expanded=\"false\" role=\"button\" tabindex=\"0\" aria-controls=\"gspb-accordion-item-content-gsbp-28dbd89\"><div class=\"gs-accordion-item__heading\"><strong>\u00c9tape 5 <\/strong>\u2013 Vous la recevez et lui donnez vie<\/div><span class=\"iconfortoggle\"><span class=\"gs-iconbefore\"><\/span><span class=\"gs-iconafter\"><\/span><\/span><\/div><div aria-labelledby=\"gs-trigger-gsbp-140e130-4\" class=\"gs-accordion-item__content\" itemscope id=\"gspb-accordion-item-content-gsbp-28dbd89\" aria-hidden=\"true\"><div class=\"gs-accordion-item__text\">\n<p>C\u2019est le moment que nous pr\u00e9f\u00e9rons.<\/p>\n\n\n\n<p>Vous d\u00e9couvrez votre figurine, cr\u00e9\u00e9e \u00e0 partir de votre photo,<br>et vous la peignez \u00e0 votre rythme.<\/p>\n\n\n\n<p>Chaque coup de pinceau la rend encore plus personnelle.<\/p>\n<\/div><\/div><\/div>\n<\/div>\n<\/div>\n<\/div>\n<\/div><\/article><\/div><\/p>","protected":false},"excerpt":{"rendered":"<p><strong data-start=\"2470\" data-end=\"2535\">\ud83d\udc9e Transformez votre photo en souvenir unique<\/strong><\/p>\n<p>Offrez une <strong data-start=\"1722\" data-end=\"1758\">figurine personnalis\u00e9e couple<\/strong> cr\u00e9\u00e9e \u00e0 partir de vos propres photos.<br data-start=\"1796\" data-end=\"1799\" \/>Chaque figurine est <strong data-start=\"1819\" data-end=\"1840\">mod\u00e9liser en 3D<\/strong> \u00e0 partir de vos visages et positions, pour un rendu r\u00e9aliste et plein d\u2019\u00e9motion.<br data-start=\"1908\" data-end=\"1911\" \/>Un cadeau original et symbolique pour un <strong data-start=\"1952\" data-end=\"2001\">anniversaire, mariage, Saint-Valentin ou No\u00ebl<\/strong>.<\/p>\n<div class=\"figurine-simulateur-wrap\" style=\"max-width: 650px;margin: 0px!important;background: #fff;border-radius: 14px 14px 0px 0px;padding: 10px 30px 10px 30px\">[customer_uploader]<\/div>\n","protected":false},"featured_media":2422,"comment_status":"open","ping_status":"closed","template":"","meta":{"_acf_changed":false,"_gspb_post_css":""},"product_brand":[],"product_cat":[172],"product_tag":[],"class_list":{"0":"post-2205","1":"product","2":"type-product","3":"status-publish","4":"has-post-thumbnail","6":"product_cat-figurine-personnalisee","8":"first","9":"instock","10":"featured","11":"shipping-taxable","12":"purchasable","13":"product-type-variable","14":"has-default-attributes"},"acf":[],"ct_brands":[],"jetpack_sharing_enabled":true,"_links":{"self":[{"href":"https:\/\/www.figurpaint.com\/en\/wp-json\/wp\/v2\/product\/2205","targetHints":{"allow":["GET"]}}],"collection":[{"href":"https:\/\/www.figurpaint.com\/en\/wp-json\/wp\/v2\/product"}],"about":[{"href":"https:\/\/www.figurpaint.com\/en\/wp-json\/wp\/v2\/types\/product"}],"replies":[{"embeddable":true,"href":"https:\/\/www.figurpaint.com\/en\/wp-json\/wp\/v2\/comments?post=2205"}],"wp:featuredmedia":[{"embeddable":true,"href":"https:\/\/www.figurpaint.com\/en\/wp-json\/wp\/v2\/media\/2422"}],"wp:attachment":[{"href":"https:\/\/www.figurpaint.com\/en\/wp-json\/wp\/v2\/media?parent=2205"}],"wp:term":[{"taxonomy":"product_brand","embeddable":true,"href":"https:\/\/www.figurpaint.com\/en\/wp-json\/wp\/v2\/product_brand?post=2205"},{"taxonomy":"product_cat","embeddable":true,"href":"https:\/\/www.figurpaint.com\/en\/wp-json\/wp\/v2\/product_cat?post=2205"},{"taxonomy":"product_tag","embeddable":true,"href":"https:\/\/www.figurpaint.com\/en\/wp-json\/wp\/v2\/product_tag?post=2205"}],"curies":[{"name":"wp","href":"https:\/\/api.w.org\/{rel}","templated":true}]}}