{"id":3506,"date":"2026-01-22T22:33:31","date_gmt":"2026-01-22T22:33:31","guid":{"rendered":"https:\/\/www.figurpaint.com\/?page_id=3506"},"modified":"2026-01-22T22:33:35","modified_gmt":"2026-01-22T22:33:35","slug":"partenariat","status":"publish","type":"page","link":"https:\/\/www.figurpaint.com\/en\/partenariat\/","title":{"rendered":"Partenariat"},"content":{"rendered":"\n<div class=\"wp-block-greenshift-blocks-container alignwide gspb_container gspb_container-gsbp-bdd2e83\" id=\"gspb_container-id-gsbp-bdd2e83\"><div class=\"gspb_backgroundOverlay\"><\/div><h1 style=\"margin-top:0;\" class=\"ct-dynamic-data wp-elements-c6059850a975c20e257e9529d1534c2e has-text-color has-white-color has-large-font-size\">Partenariat<\/h1>\n\n<\/div>\n\n\n\n<div class=\"wp-block-greenshift-blocks-row gspb_row gspb_row-id-gsbp-8f11a12\" id=\"gspb_row-id-gsbp-8f11a12\"><div class=\"gspb_row__content\"> \n<div class=\"wp-block-greenshift-blocks-row-column gspb_row__col--6 gspb_col-id-gsbp-67f29e2\" id=\"gspb_col-id-gsbp-67f29e2\">\n<h2 id=\"gspb_heading-id-gsbp-bd917b1\" class=\"gspb_heading gspb_heading-id-gsbp-bd917b1 \">Construisons des projets cr\u00e9atifs ensemble<\/h2>\n\n\n\n<div id=\"gspb_text-id-gsbp-93639b8\" class=\"gspb_text gspb_text-id-gsbp-93639b8 \"><strong>Figurpaint est ouvert aux partenariats avec des marques, cr\u00e9ateurs, entreprises et acteurs \u00e9v\u00e9nementiels qui souhaitent proposer une exp\u00e9rience originale et personnalis\u00e9e.<\/strong><\/div>\n\n\n\n<div id=\"gspb_text-id-gsbp-44a94a4\" class=\"gspb_text gspb_text-id-gsbp-44a94a4 \">Chez Figurpaint, nous croyons aux collaborations humaines et cr\u00e9atives.<br>Un partenariat, c\u2019est l\u2019occasion de cr\u00e9er des projets uniques, \u00e0 forte valeur \u00e9motionnelle, qui marquent les esprits.<br><strong>En collaborant avec nous, vous b\u00e9n\u00e9ficiez :<\/strong><br>\ud83c\udfa8 D\u2019un produit original et diff\u00e9renciant<br>\ud83e\udd1d D\u2019une collaboration sur mesure<br>\ud83d\udcf8 D\u2019un fort potentiel de contenu visuel<br>\ud83d\ude80 D\u2019une exp\u00e9rience innovante pour vos clients ou votre communaut\u00e9<br>\u2764\ufe0f D\u2019un projet artisanal et personnalis\u00e9<\/div>\n<\/div>\n\n\n\n<div class=\"wp-block-greenshift-blocks-row-column gspb_row__col--6 gspb_col-id-gsbp-f75e4b4\" id=\"gspb_col-id-gsbp-f75e4b4\"><div class='fluentform ff-default fluentform_wrapper_5 ffs_default_wrap'><form data-form_id=\"5\" id=\"fluentform_5\" class=\"frm-fluent-form fluent_form_5 ff-el-form-top ff_form_instance_5_1 ff-form-loading ffs_default\" data-form_instance=\"ff_form_instance_5_1\" method=\"POST\" ><fieldset  style=\"border: none!important;margin: 0!important;padding: 0!important;background-color: transparent!important;box-shadow: none!important;outline: none!important; min-inline-size: 100%;\">\n                    <legend class=\"ff_screen_reader_title\" style=\"display: block; margin: 0!important;padding: 0!important;height: 0!important;text-indent: -999999px;width: 0!important;overflow:hidden;\">Contact entreprise (#5)<\/legend><input type='hidden' name='__fluent_form_embded_post_id' value='3506' \/><input type=\"hidden\" id=\"_fluentform_5_fluentformnonce\" name=\"_fluentform_5_fluentformnonce\" value=\"eaaf534c1f\" \/><input type=\"hidden\" name=\"_wp_http_referer\" value=\"\/en\/wp-json\/wp\/v2\/pages\/3506\" \/><div data-name=\"ff_cn_id_1\"  class='ff-t-container ff-column-container ff_columns_total_2 '><div class='ff-t-cell ff-t-column-1' style='flex-basis: 50%;'><div data-type=\"name-element\" data-name=\"names\" class=\" ff-field_container ff-name-field-wrapper\" ><div class='ff-t-container'><div class='ff-t-cell '><div class='ff-el-group'><div class=\"ff-el-input--label ff-el-is-required asterisk-right\"><label for='ff_5_names_first_name_' id='label_ff_5_names_first_name_' >Votre nom<\/label><\/div><div class='ff-el-input--content'><input type=\"text\" name=\"names[first_name]\" id=\"ff_5_names_first_name_\" class=\"ff-el-form-control\" aria-invalid=\"false\" aria-required=true><\/div><\/div><\/div><div class='ff-t-cell '><div class='ff-el-group'><div class=\"ff-el-input--label asterisk-right\"><label for='ff_5_names_last_name_' id='label_ff_5_names_last_name_' >Votre pr\u00e9nom<\/label><\/div><div class='ff-el-input--content'><input type=\"text\" name=\"names[last_name]\" id=\"ff_5_names_last_name_\" class=\"ff-el-form-control\" aria-invalid=\"false\" aria-required=false><\/div><\/div><\/div><\/div><\/div><div class='ff-el-group'><div class=\"ff-el-input--label ff-el-is-required asterisk-right\"><label for='ff_5_email' id='label_ff_5_email' aria-label=\"Votre email\">Votre email<\/label><\/div><div class='ff-el-input--content'><input type=\"email\" name=\"email\" id=\"ff_5_email\" class=\"ff-el-form-control\" data-name=\"email\"  aria-invalid=\"false\" aria-required=true><\/div><\/div><div class='ff-el-group'><div class=\"ff-el-input--label asterisk-right\"><label for='ff_5_input_text_2' id='label_ff_5_input_text_2' aria-label=\"Site web\">Site web<\/label><\/div><div class='ff-el-input--content'><input type=\"text\" name=\"input_text_2\" class=\"ff-el-form-control\" data-name=\"input_text_2\" id=\"ff_5_input_text_2\"  aria-invalid=\"false\" aria-required=false><\/div><\/div><\/div><div class='ff-t-cell ff-t-column-2' style='flex-basis: 50%;'><div data-type=\"name-element\" data-name=\"names_1\" class=\" ff-field_container ff-name-field-wrapper\" ><div class='ff-t-container'><div class='ff-t-cell '><div class='ff-el-group'><div class=\"ff-el-input--label asterisk-right\"><label for='ff_5_names_1_first_name_' id='label_ff_5_names_1_first_name_' >Nom de l'entreprise<\/label><\/div><div class='ff-el-input--content'><input type=\"text\" name=\"names_1[first_name]\" id=\"ff_5_names_1_first_name_\" class=\"ff-el-form-control\" aria-invalid=\"false\" aria-required=false><\/div><\/div><\/div><\/div><\/div><div class='ff-el-group'><div class=\"ff-el-input--label ff-el-is-required asterisk-right\"><label for='ff_5_input_text' id='label_ff_5_input_text' aria-label=\"T\u00e9l\u00e9phone\">T\u00e9l\u00e9phone<\/label><\/div><div class='ff-el-input--content'><input type=\"text\" name=\"input_text\" class=\"ff-el-form-control\" data-name=\"input_text\" id=\"ff_5_input_text\"  aria-invalid=\"false\" aria-required=true><\/div><\/div><div class='ff-el-group'><div class=\"ff-el-input--label asterisk-right\"><label for='ff_5_input_text_1' id='label_ff_5_input_text_1' aria-label=\"R\u00e9seaux sociaux\">R\u00e9seaux sociaux<\/label><\/div><div class='ff-el-input--content'><input type=\"text\" name=\"input_text_1\" class=\"ff-el-form-control\" data-name=\"input_text_1\" id=\"ff_5_input_text_1\"  aria-invalid=\"false\" aria-required=false><\/div><\/div><\/div><\/div><div class='ff-el-group'><div class=\"ff-el-input--label ff-el-is-required asterisk-right\"><label   aria-label=\"Type de partenariat envisag\u00e9\">Type de partenariat envisag\u00e9<\/label><\/div><div class='ff-el-input--content'><div class='ff-el-form-check ff-el-form-check-'><label class='ff-el-form-check-label' for='checkbox_d58c86e0e812069f028d7665b34f29fc'><input  type=\"checkbox\" name=\"checkbox[]\" data-name=\"checkbox\" class=\"ff-el-form-check-input ff-el-form-check-checkbox\" value=\"Marque \/ Entreprise\"  id='checkbox_d58c86e0e812069f028d7665b34f29fc' aria-label='Marque \/ Entreprise' aria-invalid='false' aria-required=true> <span>Marque \/ Entreprise<\/span><\/label><\/div><div class='ff-el-form-check ff-el-form-check-'><label class='ff-el-form-check-label' for='checkbox_03725d578a508148f362d1b09ad99889'><input  type=\"checkbox\" name=\"checkbox[]\" data-name=\"checkbox\" class=\"ff-el-form-check-input ff-el-form-check-checkbox\" value=\"Cr\u00e9ateur de contenu\"  id='checkbox_03725d578a508148f362d1b09ad99889' aria-label='Cr\u00e9ateur de contenu' aria-invalid='false' aria-required=true> <span>Cr\u00e9ateur de contenu<\/span><\/label><\/div><div class='ff-el-form-check ff-el-form-check-'><label class='ff-el-form-check-label' for='checkbox_753279f8f3a5024ef90c6c56ca4d0529'><input  type=\"checkbox\" name=\"checkbox[]\" data-name=\"checkbox\" class=\"ff-el-form-check-input ff-el-form-check-checkbox\" value=\"\u00c9v\u00e9nement \/ Agence\"  id='checkbox_753279f8f3a5024ef90c6c56ca4d0529' aria-label='\u00c9v\u00e9nement \/ Agence' aria-invalid='false' aria-required=true> <span>\u00c9v\u00e9nement \/ Agence<\/span><\/label><\/div><div class='ff-el-form-check ff-el-form-check-'><label class='ff-el-form-check-label' for='checkbox_4614381c354dbe685cd93871a11fc4db'><input  type=\"checkbox\" name=\"checkbox[]\" data-name=\"checkbox\" class=\"ff-el-form-check-input ff-el-form-check-checkbox\" value=\"Autre\"  id='checkbox_4614381c354dbe685cd93871a11fc4db' aria-label='Autre' aria-invalid='false' aria-required=true> <span>Autre<\/span><\/label><\/div><\/div><\/div><div class='ff-el-group'><div class=\"ff-el-input--label ff-el-is-required asterisk-right\"><label for='ff_5_message' id='label_ff_5_message' aria-label=\"D\u00e9crivez votre projet\">D\u00e9crivez votre projet<\/label><\/div><div class='ff-el-input--content'><textarea aria-required=\"true\" aria-labelledby=\"label_ff_5_message\" name=\"message\" id=\"ff_5_message\" class=\"ff-el-form-control\" placeholder=\"(contexte, objectif, contraintes, id\u00e9es\u2026)\" rows=\"4\" cols=\"2\" data-name=\"message\" ><\/textarea><\/div><\/div><div class='ff-el-group ff-text-left ff_submit_btn_wrapper'><button type=\"submit\" class=\"ff-btn ff-btn-submit ff-btn-md ff_btn_style\"  aria-label=\"Envoyer\">Envoyer<\/button><\/div><\/fieldset><\/form><div id='fluentform_5_errors' class='ff-errors-in-stack ff_form_instance_5_1 ff-form-loading_errors ff_form_instance_5_1_errors'><\/div><\/div>            <script type=\"text\/javascript\">\n                window.fluent_form_ff_form_instance_5_1 = {\"id\":\"5\",\"ajaxUrl\":\"https:\\\/\\\/www.figurpaint.com\\\/wp-admin\\\/admin-ajax.php\",\"settings\":{\"layout\":{\"labelPlacement\":\"top\",\"helpMessagePlacement\":\"with_label\",\"errorMessagePlacement\":\"inline\",\"cssClassName\":\"\",\"asteriskPlacement\":\"asterisk-right\"},\"restrictions\":{\"denyEmptySubmission\":{\"enabled\":false}}},\"form_instance\":\"ff_form_instance_5_1\",\"form_id_selector\":\"fluentform_5\",\"rules\":{\"names[first_name]\":{\"required\":{\"value\":true,\"message\":\"This field is required\",\"global\":false,\"global_message\":\"Ce champ est obligatoire\"}},\"names[middle_name]\":{\"required\":{\"value\":false,\"message\":\"This field is required\",\"global\":false,\"global_message\":\"Ce champ est obligatoire\"}},\"names[last_name]\":{\"required\":{\"value\":false,\"message\":\"This field is required\",\"global\":false,\"global_message\":\"Ce champ est obligatoire\"}},\"email\":{\"required\":{\"value\":true,\"message\":\"This field is required\",\"global\":false,\"global_message\":\"Ce champ est obligatoire\"},\"email\":{\"value\":true,\"message\":\"This field must contain a valid email\",\"global\":false,\"global_message\":\"Ce champ doit contenir un e-mail valide\"}},\"input_text_2\":{\"required\":{\"value\":false,\"message\":\"This field is required\",\"global_message\":\"Ce champ est obligatoire\",\"global\":true}},\"names_1[first_name]\":{\"required\":{\"value\":false,\"message\":\"This field is required\",\"global\":false,\"global_message\":\"Ce champ est obligatoire\"}},\"names_1[middle_name]\":{\"required\":{\"value\":false,\"message\":\"This field is required\",\"global\":false,\"global_message\":\"Ce champ est obligatoire\"}},\"names_1[last_name]\":{\"required\":{\"value\":false,\"message\":\"This field is required\",\"global\":false,\"global_message\":\"Ce champ est obligatoire\"}},\"input_text\":{\"required\":{\"value\":true,\"message\":\"This field is required\",\"global_message\":\"Ce champ est obligatoire\",\"global\":true}},\"input_text_1\":{\"required\":{\"value\":false,\"message\":\"This field is required\",\"global_message\":\"Ce champ est obligatoire\",\"global\":true}},\"checkbox\":{\"required\":{\"value\":true,\"message\":\"This field is required\",\"global_message\":\"Ce champ est obligatoire\",\"global\":true}},\"message\":{\"required\":{\"value\":true,\"message\":\"This field is required\",\"global\":false,\"global_message\":\"Ce champ est obligatoire\"}}},\"debounce_time\":300};\n                            <\/script>\n            \n<\/div>\n <\/div><\/div>\n","protected":false},"excerpt":{"rendered":"","protected":false},"author":1,"featured_media":0,"parent":0,"menu_order":0,"comment_status":"closed","ping_status":"closed","template":"","meta":{"_acf_changed":false,"_gspb_post_css":".gspb_container-id-gsbp-bdd2e83{flex-direction:column;box-sizing:border-box}#gspb_container-id-gsbp-bdd2e83.gspb_container>p:last-of-type{margin-bottom:0}#gspb_container-id-gsbp-bdd2e83.gspb_container{position:relative;display:flex;flex-direction:column;justify-content:center;align-items:center;margin-top:50px;margin-bottom:60px;overflow:hidden}@media (max-width:991.98px){#gspb_container-id-gsbp-bdd2e83.gspb_container{margin-top:30px;margin-bottom:40px}}#gspb_container-id-gsbp-bdd2e83.gspb_container,#gspb_container-id-gsbp-bdd2e83.gspb_container>.gspb_backgroundOverlay{border-top-left-radius:30px;border-top-right-radius:30px;border-bottom-right-radius:30px;border-bottom-left-radius:30px}@media (max-width:991.98px){#gspb_container-id-gsbp-bdd2e83.gspb_container{border-top-left-radius:20px;border-top-right-radius:20px;border-bottom-right-radius:20px;border-bottom-left-radius:20px}}@media (max-width:991.98px){#gspb_container-id-gsbp-bdd2e83.gspb_container>.gspb_backgroundOverlay{border-top-left-radius:20px;border-top-right-radius:20px;border-bottom-right-radius:20px;border-bottom-left-radius:20px}}#gspb_container-id-gsbp-bdd2e83.gspb_container{background-size:cover;background-repeat:no-repeat;background-image:url(https:\/\/www.figurpaint.com\/wp-content\/uploads\/2024\/05\/contact-us-hero-image.webp);isolation:isolate;height:350px}#gspb_container-id-gsbp-bdd2e83.gspb_container:hover{background-size:cover}#gspb_container-id-gsbp-bdd2e83.gspb_container>.gspb_backgroundOverlay{position:absolute;top:0;left:0;width:100%;height:100%;z-index:-1;opacity:1;background-color:#15242069}@media (max-width:991.98px){#gspb_container-id-gsbp-bdd2e83.gspb_container{height:300px}}#gspb_row-id-gsbp-8f11a12{justify-content:space-between;margin-top:0;margin-bottom:0;display:flex;flex-wrap:wrap}#gspb_row-id-gsbp-8f11a12>.gspb_row__content{display:flex;justify-content:space-between;margin:0 auto;width:100%;flex-wrap:wrap}.gspb_row{position:relative}div[id^=gspb_col-id]{box-sizing:border-box;position:relative;padding:var(--gs-row-column-padding, 15px min(3vw, 20px))}body.gspb-bodyfront #gspb_row-id-gsbp-8f11a12>.gspb_row__content{width:var(--theme-container-width, 1200px);max-width:var(--theme-normal-container-max-width, 1200px)}#gspb_col-id-gsbp-67f29e2.gspb_row__col--6{width:50%}@media (max-width:575.98px){#gspb_col-id-gsbp-67f29e2.gspb_row__col--6{width:100%}}body #gspb_col-id-gsbp-67f29e2.gspb_row__col--6{display:flex;flex-direction:column;align-items:flex-start;row-gap:20px}#gspb_col-id-gsbp-f75e4b4.gspb_row__col--6{width:50%}@media (max-width:575.98px){#gspb_col-id-gsbp-f75e4b4.gspb_row__col--6{width:100%}}","footnotes":""},"class_list":["post-3506","page","type-page","status-publish","hentry"],"blocksy_meta":{"has_hero_section":"disabled","vertical_spacing_source":"custom","content_area_spacing":"none","styles_descriptor":{"styles":{"desktop":"","tablet":"","mobile":""},"google_fonts":[],"version":6}},"acf":[],"jetpack_sharing_enabled":true,"_links":{"self":[{"href":"https:\/\/www.figurpaint.com\/en\/wp-json\/wp\/v2\/pages\/3506","targetHints":{"allow":["GET"]}}],"collection":[{"href":"https:\/\/www.figurpaint.com\/en\/wp-json\/wp\/v2\/pages"}],"about":[{"href":"https:\/\/www.figurpaint.com\/en\/wp-json\/wp\/v2\/types\/page"}],"author":[{"embeddable":true,"href":"https:\/\/www.figurpaint.com\/en\/wp-json\/wp\/v2\/users\/1"}],"replies":[{"embeddable":true,"href":"https:\/\/www.figurpaint.com\/en\/wp-json\/wp\/v2\/comments?post=3506"}],"version-history":[{"count":0,"href":"https:\/\/www.figurpaint.com\/en\/wp-json\/wp\/v2\/pages\/3506\/revisions"}],"wp:attachment":[{"href":"https:\/\/www.figurpaint.com\/en\/wp-json\/wp\/v2\/media?parent=3506"}],"curies":[{"name":"wp","href":"https:\/\/api.w.org\/{rel}","templated":true}]}}