{"id":3503,"date":"2026-01-22T22:11:41","date_gmt":"2026-01-22T22:11:41","guid":{"rendered":"https:\/\/www.figurpaint.com\/?page_id=3503"},"modified":"2026-01-22T22:29:58","modified_gmt":"2026-01-22T22:29:58","slug":"entreprise","status":"publish","type":"page","link":"https:\/\/www.figurpaint.com\/en\/entreprise\/","title":{"rendered":"Entreprise"},"content":{"rendered":"\n<div class=\"wp-block-greenshift-blocks-container alignwide gspb_container gspb_container-gsbp-bdd2e83\" id=\"gspb_container-id-gsbp-bdd2e83\"><div class=\"gspb_backgroundOverlay\"><\/div><h2 style=\"margin-top:0;\" class=\"ct-dynamic-data wp-elements-f81743ea2a408759fd06141c4c623161 has-text-color has-white-color has-large-font-size\">Entreprise<\/h2>\n\n<\/div>\n\n\n\n<div class=\"wp-block-greenshift-blocks-row gspb_row gspb_row-id-gsbp-8f11a12\" id=\"gspb_row-id-gsbp-8f11a12\"><div class=\"gspb_row__content\"> \n<div class=\"wp-block-greenshift-blocks-row-column gspb_row__col--6 gspb_col-id-gsbp-67f29e2\" id=\"gspb_col-id-gsbp-67f29e2\">\n<h2 id=\"gspb_heading-id-gsbp-bd917b1\" class=\"gspb_heading gspb_heading-id-gsbp-bd917b1 \">Des figurines personnalis\u00e9es pour vos \u00e9quipes, clients et \u00e9v\u00e9nements<\/h2>\n\n\n\n<div id=\"gspb_text-id-gsbp-ea959ab\" class=\"gspb_text gspb_text-id-gsbp-ea959ab \"><strong>Offrez une exp\u00e9rience unique avec des figurines personnalis\u00e9es \u00e0 partir de photos, id\u00e9ales pour les entreprises, agences, \u00e9coles et \u00e9v\u00e9nements.<\/strong><\/div>\n\n\n\n<div id=\"gspb_text-id-gsbp-00ab1cd\" class=\"gspb_text gspb_text-id-gsbp-00ab1cd \"><strong>Figurpaint accompagne les professionnels pour :<\/strong><br>\ud83c\udf81 Cadeaux d\u2019entreprise &amp; clients<br>\ud83e\udd1d Team building cr\u00e9atif<br>\ud83c\udf89 \u00c9v\u00e9nements, salons, s\u00e9minaires<br>\ud83c\udfc6 R\u00e9compenses &amp; souvenirs personnalis\u00e9s<br>\ud83c\udf93 \u00c9coles, associations, clubs<\/div>\n<\/div>\n\n\n\n<div class=\"wp-block-greenshift-blocks-row-column gspb_row__col--6 gspb_col-id-gsbp-f75e4b4\" id=\"gspb_col-id-gsbp-f75e4b4\"><div class='fluentform ff-default fluentform_wrapper_4 ffs_default_wrap'><form data-form_id=\"4\" id=\"fluentform_4\" class=\"frm-fluent-form fluent_form_4 ff-el-form-top ff_form_instance_4_1 ff-form-loading ffs_default\" data-form_instance=\"ff_form_instance_4_1\" method=\"POST\" ><fieldset  style=\"border: none!important;margin: 0!important;padding: 0!important;background-color: transparent!important;box-shadow: none!important;outline: none!important; min-inline-size: 100%;\">\n                    <legend class=\"ff_screen_reader_title\" style=\"display: block; margin: 0!important;padding: 0!important;height: 0!important;text-indent: -999999px;width: 0!important;overflow:hidden;\">Contact entreprise<\/legend><input type='hidden' name='__fluent_form_embded_post_id' value='3503' \/><input type=\"hidden\" id=\"_fluentform_4_fluentformnonce\" name=\"_fluentform_4_fluentformnonce\" value=\"eaaf534c1f\" \/><input type=\"hidden\" name=\"_wp_http_referer\" value=\"\/en\/wp-json\/wp\/v2\/pages\/3503\" \/><div data-name=\"ff_cn_id_1\"  class='ff-t-container ff-column-container ff_columns_total_2 '><div class='ff-t-cell ff-t-column-1' style='flex-basis: 50%;'><div data-type=\"name-element\" data-name=\"names\" class=\" ff-field_container ff-name-field-wrapper\" ><div class='ff-t-container'><div class='ff-t-cell '><div class='ff-el-group'><div class=\"ff-el-input--label ff-el-is-required asterisk-right\"><label for='ff_4_names_first_name_' id='label_ff_4_names_first_name_' >Votre nom<\/label><\/div><div class='ff-el-input--content'><input type=\"text\" name=\"names[first_name]\" id=\"ff_4_names_first_name_\" class=\"ff-el-form-control\" aria-invalid=\"false\" aria-required=true><\/div><\/div><\/div><div class='ff-t-cell '><div class='ff-el-group'><div class=\"ff-el-input--label asterisk-right\"><label for='ff_4_names_last_name_' id='label_ff_4_names_last_name_' >Votre pr\u00e9nom<\/label><\/div><div class='ff-el-input--content'><input type=\"text\" name=\"names[last_name]\" id=\"ff_4_names_last_name_\" class=\"ff-el-form-control\" aria-invalid=\"false\" aria-required=false><\/div><\/div><\/div><\/div><\/div><div class='ff-el-group'><div class=\"ff-el-input--label ff-el-is-required asterisk-right\"><label for='ff_4_email' id='label_ff_4_email' aria-label=\"Votre email\">Votre email<\/label><\/div><div class='ff-el-input--content'><input type=\"email\" name=\"email\" id=\"ff_4_email\" class=\"ff-el-form-control\" data-name=\"email\"  aria-invalid=\"false\" aria-required=true><\/div><\/div><\/div><div class='ff-t-cell ff-t-column-2' style='flex-basis: 50%;'><div data-type=\"name-element\" data-name=\"names_1\" class=\" ff-field_container ff-name-field-wrapper\" ><div class='ff-t-container'><div class='ff-t-cell '><div class='ff-el-group'><div class=\"ff-el-input--label ff-el-is-required asterisk-right\"><label for='ff_4_names_1_first_name_' id='label_ff_4_names_1_first_name_' >Nom de l'entreprise<\/label><\/div><div class='ff-el-input--content'><input type=\"text\" name=\"names_1[first_name]\" id=\"ff_4_names_1_first_name_\" class=\"ff-el-form-control\" aria-invalid=\"false\" aria-required=true><\/div><\/div><\/div><\/div><\/div><div class='ff-el-group'><div class=\"ff-el-input--label ff-el-is-required asterisk-right\"><label for='ff_4_input_text' id='label_ff_4_input_text' aria-label=\"T\u00e9l\u00e9phone\">T\u00e9l\u00e9phone<\/label><\/div><div class='ff-el-input--content'><input type=\"text\" name=\"input_text\" class=\"ff-el-form-control\" data-name=\"input_text\" id=\"ff_4_input_text\"  aria-invalid=\"false\" aria-required=true><\/div><\/div><\/div><\/div><div class='ff-el-group'><div class=\"ff-el-input--label ff-el-is-required asterisk-right\"><label   aria-label=\"Type de projet\">Type de projet<\/label><\/div><div class='ff-el-input--content'><div class='ff-el-form-check ff-el-form-check-'><label class='ff-el-form-check-label' for='checkbox_9d4df63ac055532d268e5483f05ec678'><input  type=\"checkbox\" name=\"checkbox[]\" data-name=\"checkbox\" class=\"ff-el-form-check-input ff-el-form-check-checkbox\" value=\"Cadeaux clients\"  id='checkbox_9d4df63ac055532d268e5483f05ec678' aria-label='Cadeaux clients' aria-invalid='false' aria-required=true> <span>Cadeaux clients<\/span><\/label><\/div><div class='ff-el-form-check ff-el-form-check-'><label class='ff-el-form-check-label' for='checkbox_769fdbc8cd99ff6bde71e86c3ea826d8'><input  type=\"checkbox\" name=\"checkbox[]\" data-name=\"checkbox\" class=\"ff-el-form-check-input ff-el-form-check-checkbox\" value=\"Team building\"  id='checkbox_769fdbc8cd99ff6bde71e86c3ea826d8' aria-label='Team building' aria-invalid='false' aria-required=true> <span>Team building<\/span><\/label><\/div><div class='ff-el-form-check ff-el-form-check-'><label class='ff-el-form-check-label' for='checkbox_b16375bdb1b74f3bd1b97bd55335d871'><input  type=\"checkbox\" name=\"checkbox[]\" data-name=\"checkbox\" class=\"ff-el-form-check-input ff-el-form-check-checkbox\" value=\"\u00c9v\u00e9nement \/ Salon\"  id='checkbox_b16375bdb1b74f3bd1b97bd55335d871' aria-label='\u00c9v\u00e9nement \/ Salon' aria-invalid='false' aria-required=true> <span>\u00c9v\u00e9nement \/ Salon<\/span><\/label><\/div><div class='ff-el-form-check ff-el-form-check-'><label class='ff-el-form-check-label' for='checkbox_7973a429732d6e61508e746983a0308f'><input  type=\"checkbox\" name=\"checkbox[]\" data-name=\"checkbox\" class=\"ff-el-form-check-input ff-el-form-check-checkbox\" value=\"Autre\"  id='checkbox_7973a429732d6e61508e746983a0308f' aria-label='Autre' aria-invalid='false' aria-required=true> <span>Autre<\/span><\/label><\/div><\/div><\/div><div class='ff-el-group'><div class=\"ff-el-input--label ff-el-is-required asterisk-right\"><label   aria-label=\"Nombre de figurines souhait\u00e9es\">Nombre de figurines souhait\u00e9es<\/label><\/div><div class='ff-el-input--content'><div class='ff-el-form-check ff-el-form-check-'><label class='ff-el-form-check-label' for='checkbox_1_1b0c8ad4d7c18d75300180955bbafa9a'><input  type=\"checkbox\" name=\"checkbox_1[]\" data-name=\"checkbox_1\" class=\"ff-el-form-check-input ff-el-form-check-checkbox\" value=\"5 \u2013 10\"  id='checkbox_1_1b0c8ad4d7c18d75300180955bbafa9a' aria-label='5 \u2013 10' aria-invalid='false' aria-required=true> <span>5 \u2013 10<\/span><\/label><\/div><div class='ff-el-form-check ff-el-form-check-'><label class='ff-el-form-check-label' for='checkbox_1_b8dee3093739ffc48f2a8cdc260ffcbd'><input  type=\"checkbox\" name=\"checkbox_1[]\" data-name=\"checkbox_1\" class=\"ff-el-form-check-input ff-el-form-check-checkbox\" value=\"10 \u2013 25\"  id='checkbox_1_b8dee3093739ffc48f2a8cdc260ffcbd' aria-label='10 \u2013 25' aria-invalid='false' aria-required=true> <span>10 \u2013 25<\/span><\/label><\/div><div class='ff-el-form-check ff-el-form-check-'><label class='ff-el-form-check-label' for='checkbox_1_8232baab984453c3d11f79260ff60160'><input  type=\"checkbox\" name=\"checkbox_1[]\" data-name=\"checkbox_1\" class=\"ff-el-form-check-input ff-el-form-check-checkbox\" value=\"25 \u2013 50\"  id='checkbox_1_8232baab984453c3d11f79260ff60160' aria-label='25 \u2013 50' aria-invalid='false' aria-required=true> <span>25 \u2013 50<\/span><\/label><\/div><div class='ff-el-form-check ff-el-form-check-'><label class='ff-el-form-check-label' for='checkbox_1_8b231e8659387585a86fa2530c64e0f9'><input  type=\"checkbox\" name=\"checkbox_1[]\" data-name=\"checkbox_1\" class=\"ff-el-form-check-input ff-el-form-check-checkbox\" value=\"50+\"  id='checkbox_1_8b231e8659387585a86fa2530c64e0f9' aria-label='50+' aria-invalid='false' aria-required=true> <span>50+<\/span><\/label><\/div><\/div><\/div><div class='ff-el-group'><div class=\"ff-el-input--label ff-el-is-required asterisk-right\"><label for='ff_4_message' id='label_ff_4_message' aria-label=\"D\u00e9crivez votre projet\">D\u00e9crivez votre projet<\/label><\/div><div class='ff-el-input--content'><textarea aria-required=\"true\" aria-labelledby=\"label_ff_4_message\" name=\"message\" id=\"ff_4_message\" class=\"ff-el-form-control\" placeholder=\"(contexte, objectif, contraintes, id\u00e9es\u2026)\" rows=\"4\" cols=\"2\" data-name=\"message\" ><\/textarea><\/div><\/div><div class='ff-el-group ff-text-left ff_submit_btn_wrapper'><button type=\"submit\" class=\"ff-btn ff-btn-submit ff-btn-md ff_btn_style\"  aria-label=\"Envoyer\">Envoyer<\/button><\/div><\/fieldset><\/form><div id='fluentform_4_errors' class='ff-errors-in-stack ff_form_instance_4_1 ff-form-loading_errors ff_form_instance_4_1_errors'><\/div><\/div>            <script type=\"text\/javascript\">\n                window.fluent_form_ff_form_instance_4_1 = {\"id\":\"4\",\"ajaxUrl\":\"https:\\\/\\\/www.figurpaint.com\\\/wp-admin\\\/admin-ajax.php\",\"settings\":{\"layout\":{\"labelPlacement\":\"top\",\"helpMessagePlacement\":\"with_label\",\"errorMessagePlacement\":\"inline\",\"cssClassName\":\"\",\"asteriskPlacement\":\"asterisk-right\"},\"restrictions\":{\"denyEmptySubmission\":{\"enabled\":false}}},\"form_instance\":\"ff_form_instance_4_1\",\"form_id_selector\":\"fluentform_4\",\"rules\":{\"names[first_name]\":{\"required\":{\"value\":true,\"message\":\"This field is required\",\"global\":false,\"global_message\":\"Ce champ est obligatoire\"}},\"names[middle_name]\":{\"required\":{\"value\":false,\"message\":\"This field is required\",\"global\":false,\"global_message\":\"Ce champ est obligatoire\"}},\"names[last_name]\":{\"required\":{\"value\":false,\"message\":\"This field is required\",\"global\":false,\"global_message\":\"Ce champ est obligatoire\"}},\"email\":{\"required\":{\"value\":true,\"message\":\"This field is required\",\"global\":false,\"global_message\":\"Ce champ est obligatoire\"},\"email\":{\"value\":true,\"message\":\"This field must contain a valid email\",\"global\":false,\"global_message\":\"Ce champ doit contenir un e-mail valide\"}},\"names_1[first_name]\":{\"required\":{\"value\":true,\"message\":\"This field is required\",\"global\":false,\"global_message\":\"Ce champ est obligatoire\"}},\"names_1[middle_name]\":{\"required\":{\"value\":false,\"message\":\"This field is required\",\"global\":false,\"global_message\":\"Ce champ est obligatoire\"}},\"names_1[last_name]\":{\"required\":{\"value\":false,\"message\":\"This field is required\",\"global\":false,\"global_message\":\"Ce champ est obligatoire\"}},\"input_text\":{\"required\":{\"value\":true,\"message\":\"This field is required\",\"global_message\":\"Ce champ est obligatoire\",\"global\":true}},\"checkbox\":{\"required\":{\"value\":true,\"message\":\"This field is required\",\"global_message\":\"Ce champ est obligatoire\",\"global\":true}},\"checkbox_1\":{\"required\":{\"value\":true,\"message\":\"This field is required\",\"global_message\":\"Ce champ est obligatoire\",\"global\":true}},\"message\":{\"required\":{\"value\":true,\"message\":\"This field is required\",\"global\":false,\"global_message\":\"Ce champ est obligatoire\"}}},\"debounce_time\":300};\n                            <\/script>\n            \n<\/div>\n <\/div><\/div>\n","protected":false},"excerpt":{"rendered":"","protected":false},"author":1,"featured_media":0,"parent":0,"menu_order":0,"comment_status":"closed","ping_status":"closed","template":"","meta":{"_acf_changed":false,"_gspb_post_css":".gspb_container-id-gsbp-bdd2e83{flex-direction:column;box-sizing:border-box}#gspb_container-id-gsbp-bdd2e83.gspb_container>p:last-of-type{margin-bottom:0}#gspb_container-id-gsbp-bdd2e83.gspb_container{position:relative;display:flex;flex-direction:column;justify-content:center;align-items:center;margin-top:50px;margin-bottom:60px;overflow:hidden}@media (max-width:991.98px){#gspb_container-id-gsbp-bdd2e83.gspb_container{margin-top:30px;margin-bottom:40px}}#gspb_container-id-gsbp-bdd2e83.gspb_container,#gspb_container-id-gsbp-bdd2e83.gspb_container>.gspb_backgroundOverlay{border-top-left-radius:30px;border-top-right-radius:30px;border-bottom-right-radius:30px;border-bottom-left-radius:30px}@media (max-width:991.98px){#gspb_container-id-gsbp-bdd2e83.gspb_container{border-top-left-radius:20px;border-top-right-radius:20px;border-bottom-right-radius:20px;border-bottom-left-radius:20px}}@media (max-width:991.98px){#gspb_container-id-gsbp-bdd2e83.gspb_container>.gspb_backgroundOverlay{border-top-left-radius:20px;border-top-right-radius:20px;border-bottom-right-radius:20px;border-bottom-left-radius:20px}}#gspb_container-id-gsbp-bdd2e83.gspb_container{background-size:cover;background-repeat:no-repeat;background-image:url(https:\/\/www.figurpaint.com\/wp-content\/uploads\/2024\/05\/contact-us-hero-image.webp);isolation:isolate;height:350px}#gspb_container-id-gsbp-bdd2e83.gspb_container:hover{background-size:cover}#gspb_container-id-gsbp-bdd2e83.gspb_container>.gspb_backgroundOverlay{position:absolute;top:0;left:0;width:100%;height:100%;z-index:-1;opacity:1;background-color:#15242069}@media (max-width:991.98px){#gspb_container-id-gsbp-bdd2e83.gspb_container{height:300px}}#gspb_row-id-gsbp-8f11a12{justify-content:space-between;margin-top:0;margin-bottom:0;display:flex;flex-wrap:wrap}#gspb_row-id-gsbp-8f11a12>.gspb_row__content{display:flex;justify-content:space-between;margin:0 auto;width:100%;flex-wrap:wrap}.gspb_row{position:relative}div[id^=gspb_col-id]{box-sizing:border-box;position:relative;padding:var(--gs-row-column-padding, 15px min(3vw, 20px))}body.gspb-bodyfront #gspb_row-id-gsbp-8f11a12>.gspb_row__content{width:var(--theme-container-width, 1200px);max-width:var(--theme-normal-container-max-width, 1200px)}#gspb_col-id-gsbp-f75e4b4.gspb_row__col--6{width:50%}@media (max-width:575.98px){#gspb_col-id-gsbp-f75e4b4.gspb_row__col--6{width:100%}}#gspb_col-id-gsbp-67f29e2.gspb_row__col--6{width:50%}@media (max-width:575.98px){#gspb_col-id-gsbp-67f29e2.gspb_row__col--6{width:100%}}body #gspb_col-id-gsbp-67f29e2.gspb_row__col--6{display:flex;flex-direction:column;align-items:flex-start;row-gap:20px}","footnotes":""},"class_list":["post-3503","page","type-page","status-publish","hentry"],"blocksy_meta":{"has_hero_section":"disabled","vertical_spacing_source":"custom","content_area_spacing":"none","styles_descriptor":{"styles":{"desktop":"","tablet":"","mobile":""},"google_fonts":[],"version":6}},"acf":[],"jetpack_sharing_enabled":true,"_links":{"self":[{"href":"https:\/\/www.figurpaint.com\/en\/wp-json\/wp\/v2\/pages\/3503","targetHints":{"allow":["GET"]}}],"collection":[{"href":"https:\/\/www.figurpaint.com\/en\/wp-json\/wp\/v2\/pages"}],"about":[{"href":"https:\/\/www.figurpaint.com\/en\/wp-json\/wp\/v2\/types\/page"}],"author":[{"embeddable":true,"href":"https:\/\/www.figurpaint.com\/en\/wp-json\/wp\/v2\/users\/1"}],"replies":[{"embeddable":true,"href":"https:\/\/www.figurpaint.com\/en\/wp-json\/wp\/v2\/comments?post=3503"}],"version-history":[{"count":0,"href":"https:\/\/www.figurpaint.com\/en\/wp-json\/wp\/v2\/pages\/3503\/revisions"}],"wp:attachment":[{"href":"https:\/\/www.figurpaint.com\/en\/wp-json\/wp\/v2\/media?parent=3503"}],"curies":[{"name":"wp","href":"https:\/\/api.w.org\/{rel}","templated":true}]}}