{"id":1597,"date":"2025-09-25T06:52:13","date_gmt":"2025-09-25T06:52:13","guid":{"rendered":"https:\/\/www.figurpaint.com\/?page_id=1597"},"modified":"2025-09-25T06:53:31","modified_gmt":"2025-09-25T06:53:31","slug":"faq","status":"publish","type":"page","link":"https:\/\/www.figurpaint.com\/en\/faq\/","title":{"rendered":"FAQ"},"content":{"rendered":"<div class=\"wp-block-greenshift-blocks-accordion gs-accordion gspb_accordion-id-gsbp-ae192af togglelogic\" id=\"gspb_accordion-id-gsbp-ae192af\" itemscope itemtype=\"https:\/\/schema.org\/FAQPage\">\n<div class=\"wp-block-greenshift-blocks-accordionitem gs-accordion-item gspb_accordionitem-gsbp-1fb4d93 gsclose\" id=\"gspb_accordionitem-gsbp-1fb4d93\" itemscope itemprop=\"mainEntity\" itemtype=\"https:\/\/schema.org\/Question\"><div id=\"gs-trigger-gsbp-ae192af-0\" class=\"gs-accordion-item__title\" aria-expanded=\"false\" role=\"button\" tabindex=\"0\" aria-controls=\"gspb-accordion-item-content-gsbp-1fb4d93\"><div class=\"gs-accordion-item__heading\">\ud83c\udf31 Pourquoi vos figurines sont-elles consid\u00e9r\u00e9es comme \u00e9co-responsables ?<\/div><meta itemprop=\"name\" content=\"\ud83c\udf31 Pourquoi vos figurines sont-elles consid\u00e9r\u00e9es comme \u00e9co-responsables ?\"\/><span class=\"iconfortoggle\"><span class=\"gs-iconbefore\"><\/span><span class=\"gs-iconafter\"><\/span><\/span><\/div><div aria-labelledby=\"gs-trigger-gsbp-ae192af-0\" class=\"gs-accordion-item__content\" itemscope itemprop=\"acceptedAnswer\" itemtype=\"https:\/\/schema.org\/Answer\" id=\"gspb-accordion-item-content-gsbp-1fb4d93\" aria-hidden=\"true\"><div class=\"gs-accordion-item__text\" itemprop=\"text\">\n<p>Nos figurines sont imprim\u00e9es en <strong>PLA<\/strong>, un mat\u00e9riau biod\u00e9gradable et issu de ressources renouvelables comme l\u2019amidon de ma\u00efs ou la canne \u00e0 sucre. Ce choix permet de r\u00e9duire l\u2019impact \u00e9cologique tout en garantissant une excellente qualit\u00e9 et durabilit\u00e9 \u00e0 vos figurines.<\/p>\n<\/div><\/div><\/div>\n\n\n\n<div class=\"wp-block-greenshift-blocks-accordionitem gs-accordion-item gspb_accordionitem-gsbp-bb48f6c gsclose\" id=\"gspb_accordionitem-gsbp-bb48f6c\" itemscope itemprop=\"mainEntity\" itemtype=\"https:\/\/schema.org\/Question\"><div id=\"gs-trigger-gsbp-ae192af-1\" class=\"gs-accordion-item__title\" aria-expanded=\"false\" role=\"button\" tabindex=\"0\" aria-controls=\"gspb-accordion-item-content-gsbp-bb48f6c\"><div class=\"gs-accordion-item__heading\">\ud83d\udce6 D\u2019o\u00f9 sont exp\u00e9di\u00e9es les commandes ?<\/div><meta itemprop=\"name\" content=\"\ud83d\udce6 D\u2019o\u00f9 sont exp\u00e9di\u00e9es les commandes ?\"\/><span class=\"iconfortoggle\"><span class=\"gs-iconbefore\"><\/span><span class=\"gs-iconafter\"><\/span><\/span><\/div><div aria-labelledby=\"gs-trigger-gsbp-ae192af-1\" class=\"gs-accordion-item__content\" itemscope itemprop=\"acceptedAnswer\" itemtype=\"https:\/\/schema.org\/Answer\" id=\"gspb-accordion-item-content-gsbp-bb48f6c\" aria-hidden=\"true\"><div class=\"gs-accordion-item__text\" itemprop=\"text\">\n<p>Toutes nos figurines sont produites et exp\u00e9di\u00e9es directement depuis <strong>notre atelier en France, \u00e0 Poitiers<\/strong>. Cela garantit un suivi de proximit\u00e9, des d\u00e9lais de livraison rapides, et soutient l\u2019artisanat local.<\/p>\n<\/div><\/div><\/div>\n\n\n\n<div class=\"wp-block-greenshift-blocks-accordionitem gs-accordion-item gspb_accordionitem-gsbp-b29b05c gsclose\" id=\"gspb_accordionitem-gsbp-b29b05c\" itemscope itemprop=\"mainEntity\" itemtype=\"https:\/\/schema.org\/Question\"><div id=\"gs-trigger-gsbp-ae192af-2\" class=\"gs-accordion-item__title\" aria-expanded=\"false\" role=\"button\" tabindex=\"0\" aria-controls=\"gspb-accordion-item-content-gsbp-b29b05c\"><div class=\"gs-accordion-item__heading\">\ud83c\udfa8 Peut-on peindre directement sur la figurine ?<\/div><meta itemprop=\"name\" content=\"\ud83c\udfa8 Peut-on peindre directement sur la figurine ?\"\/><span class=\"iconfortoggle\"><span class=\"gs-iconbefore\"><\/span><span class=\"gs-iconafter\"><\/span><\/span><\/div><div aria-labelledby=\"gs-trigger-gsbp-ae192af-2\" class=\"gs-accordion-item__content\" itemscope itemprop=\"acceptedAnswer\" itemtype=\"https:\/\/schema.org\/Answer\" id=\"gspb-accordion-item-content-gsbp-b29b05c\" aria-hidden=\"true\"><div class=\"gs-accordion-item__text\" itemprop=\"text\">\n<p>Pour obtenir une finition parfaite, il est recommand\u00e9 d\u2019appliquer d\u2019abord un <strong>primer<\/strong> sur la figurine. Sans cette sous-couche, la peinture n\u2019adh\u00e8re pas correctement et risque de s\u2019\u00e9cailler. Avec le primer, vos couleurs ressortiront mieux et tiendront durablement.<\/p>\n<\/div><\/div><\/div>\n\n\n\n<div class=\"wp-block-greenshift-blocks-accordionitem gs-accordion-item gspb_accordionitem-gsbp-e772c58 gsclose\" id=\"gspb_accordionitem-gsbp-e772c58\" itemscope itemprop=\"mainEntity\" itemtype=\"https:\/\/schema.org\/Question\"><div id=\"gs-trigger-gsbp-ae192af-3\" class=\"gs-accordion-item__title\" aria-expanded=\"false\" role=\"button\" tabindex=\"0\" aria-controls=\"gspb-accordion-item-content-gsbp-e772c58\"><div class=\"gs-accordion-item__heading\">\ud83d\udd12 Que devient ma photo une fois la figurine r\u00e9alis\u00e9e ?<\/div><meta itemprop=\"name\" content=\"\ud83d\udd12 Que devient ma photo une fois la figurine r\u00e9alis\u00e9e ?\"\/><span class=\"iconfortoggle\"><span class=\"gs-iconbefore\"><\/span><span class=\"gs-iconafter\"><\/span><\/span><\/div><div aria-labelledby=\"gs-trigger-gsbp-ae192af-3\" class=\"gs-accordion-item__content\" itemscope itemprop=\"acceptedAnswer\" itemtype=\"https:\/\/schema.org\/Answer\" id=\"gspb-accordion-item-content-gsbp-e772c58\" aria-hidden=\"true\"><div class=\"gs-accordion-item__text\" itemprop=\"text\">\n<p>La confidentialit\u00e9 est essentielle : votre photo est utilis\u00e9e <strong>uniquement pour cr\u00e9er votre figurine<\/strong>, puis elle est <strong>imm\u00e9diatement supprim\u00e9e<\/strong> apr\u00e8s la production. Elle n\u2019est ni stock\u00e9e ni r\u00e9utilis\u00e9e.<\/p>\n<\/div><\/div><\/div>\n<\/div>","protected":false},"excerpt":{"rendered":"","protected":false},"author":1,"featured_media":0,"parent":0,"menu_order":0,"comment_status":"closed","ping_status":"closed","template":"","meta":{"_acf_changed":false,"_gspb_post_css":"#gspb_accordion-id-gsbp-ae192af .gs-accordion-item.gsclose>.gs-accordion-item__content{overflow:hidden;opacity:0}#gspb_accordion-id-gsbp-ae192af .gs-accordion-item.gsopen>.gs-accordion-item__content{opacity:1;max-height:5000px}#gspb_accordion-id-gsbp-ae192af .gs-accordion-item>.gs-accordion-item__title>.gs-accordion-item__heading{outline:0;text-decoration:none;margin:0!important;padding:0!important;flex-grow:1}#gspb_accordion-id-gsbp-ae192af .gs-accordion-item>.gs-accordion-item__title{z-index:1;margin:0;cursor:pointer;transition:all .3s ease-in-out;position:relative;display:flex;justify-content:space-between;align-items:center;flex-wrap:nowrap}#gspb_accordion-id-gsbp-ae192af .gs-accordion-item>.gs-accordion-item__content{z-index:0;position:relative;max-height:0;will-change:max-height;transition:all .25s ease-out}#gspb_accordion-id-gsbp-ae192af .gs-accordion-item>.gs-accordion-item__content,#gspb_accordion-id-gsbp-ae192af .gs-accordion-item>.gs-accordion-item__title{background-color:#fff;border-bottom-right-radius:30px;border-bottom-left-radius:30px;border-color:var(--wp--preset--color--border, #00000012);border-style:solid;border-width:1px}#gspb_accordion-id-gsbp-ae192af .gs-accordion-item>.gs-accordion-item__title{box-shadow:0 15px 25px 0 rgba(0,0,0,.1);border-top-left-radius:30px;border-top-right-radius:30px;font-weight:700!important}#gspb_accordion-id-gsbp-ae192af .gs-accordion-item__title>*{font-weight:700!important}#gspb_accordion-id-gsbp-ae192af .gs-accordion-item.gsopen>.gs-accordion-item__title{box-shadow:0 0 0 0 #00000000;border-top-left-radius:30px;border-top-right-radius:30px;border-bottom-right-radius:0;border-bottom-left-radius:0;border-bottom-width:1px;border-bottom-color:#fff}#gspb_accordion-id-gsbp-ae192af .gs-accordion-item>.gs-accordion-item__content{border-top-color:#00000000}#gspb_accordion-id-gsbp-ae192af .gs-accordion-item>.gs-accordion-item__title span.iconfortoggle{margin-left:15px;display:inline-block;height:14px;width:14px;position:relative}#gspb_accordion-id-gsbp-ae192af .gs-accordion-item{margin-bottom:10px}#gspb_accordion-id-gsbp-ae192af .gs-accordion-item>.gs-accordion-item__content>.gs-accordion-item__text,#gspb_accordion-id-gsbp-ae192af .gs-accordion-item>.gs-accordion-item__title{padding:15px 20px}.gs-accordion .gs-accordion-item.gsopen .gs-accordion-item__title .gs-iconafter{transform:rotate(0)}.gs-accordion .gs-accordion-item__title span.iconfortoggle .gs-iconafter,.gs-accordion .gs-accordion-item__title span.iconfortoggle .gs-iconbefore{content:'';width:14px;height:2px;border-radius:2px;background-color:#111;position:absolute;top:6px;left:0}.gs-accordion .gs-accordion-item__title span.iconfortoggle .gs-iconafter{transform:rotate(90deg);transition:all .3s ease-in-out}","footnotes":""},"class_list":["post-1597","page","type-page","status-publish","hentry"],"blocksy_meta":[],"acf":[],"jetpack_sharing_enabled":true,"_links":{"self":[{"href":"https:\/\/www.figurpaint.com\/en\/wp-json\/wp\/v2\/pages\/1597","targetHints":{"allow":["GET"]}}],"collection":[{"href":"https:\/\/www.figurpaint.com\/en\/wp-json\/wp\/v2\/pages"}],"about":[{"href":"https:\/\/www.figurpaint.com\/en\/wp-json\/wp\/v2\/types\/page"}],"author":[{"embeddable":true,"href":"https:\/\/www.figurpaint.com\/en\/wp-json\/wp\/v2\/users\/1"}],"replies":[{"embeddable":true,"href":"https:\/\/www.figurpaint.com\/en\/wp-json\/wp\/v2\/comments?post=1597"}],"version-history":[{"count":0,"href":"https:\/\/www.figurpaint.com\/en\/wp-json\/wp\/v2\/pages\/1597\/revisions"}],"wp:attachment":[{"href":"https:\/\/www.figurpaint.com\/en\/wp-json\/wp\/v2\/media?parent=1597"}],"curies":[{"name":"wp","href":"https:\/\/api.w.org\/{rel}","templated":true}]}}